{"id":10197,"date":"2025-10-09T10:10:26","date_gmt":"2025-10-09T10:10:26","guid":{"rendered":"https:\/\/deco4.net\/?post_type=product&#038;p=10197"},"modified":"2026-03-12T10:26:49","modified_gmt":"2026-03-12T10:26:49","slug":"103-1","status":"publish","type":"product","link":"https:\/\/deco4.net\/tr\/shop\/https-deco4-net-product-category-mouldings\/plinthes\/103-1\/","title":{"rendered":"103-1"},"content":{"rendered":"","protected":false},"excerpt":{"rendered":"<h5><span dir=\"auto\" style=\"vertical-align: inherit;\"><span dir=\"auto\" style=\"vertical-align: inherit;\">Dimensions : 7,1 \u00d7 1,1 mm \/ 2,9 cm<\/span><\/span><\/h5>\n<p><span dir=\"auto\" style=\"vertical-align: inherit;\"><span dir=\"auto\" style=\"vertical-align: inherit;\">Le cache plinthe d\u00e9coratif en d\u00e9copolym\u00e8re, tr\u00e8s r\u00e9sistant aux chocs et \u00e0 l&#8217;eau, et d&#8217;une grande facilit\u00e9 de pose, vous permet d&#8217;obtenir rapidement un r\u00e9sultat propre et professionnel. <\/span><\/span><br \/>\n<span dir=\"auto\" style=\"vertical-align: inherit;\"><span dir=\"auto\" style=\"vertical-align: inherit;\">Id\u00e9al pour recouvrir les anciennes plinthes sans les d\u00e9monter. il assure une finition \u00e9l\u00e9gante et moderne qui convient parfaitement \u00e0 toutes les pi\u00e8ces.<\/span><\/span><\/p>\n<div class=\"pro-btn\">\n<h3><span dir=\"auto\" style=\"vertical-align: inherit;\"><span dir=\"auto\" style=\"vertical-align: inherit;\"><span dir=\"auto\" style=\"vertical-align: inherit;\"><span dir=\"auto\" style=\"vertical-align: inherit;\"><span dir=\"auto\" style=\"vertical-align: inherit;\"><span dir=\"auto\" style=\"vertical-align: inherit;\">T\u00e9l\u00e9charger la version :<\/span><\/span><\/span><\/span><\/span><\/span><\/h3>\n<ul>\n<li><a href=\"https:\/\/deco4.net\/sketchup\/plinthe\/Plinthe 103-1.skp\" target=\"_blank\" rel=\"noopener\"><i class=\"fas fa-file-pdf\"><\/i><span dir=\"auto\" style=\"vertical-align: inherit;\"><span dir=\"auto\" style=\"vertical-align: inherit;\"><span dir=\"auto\" style=\"vertical-align: inherit;\"><span dir=\"auto\" style=\"vertical-align: inherit;\"><span dir=\"auto\" style=\"vertical-align: inherit;\"><span dir=\"auto\" style=\"vertical-align: inherit;\">SketchUp<\/span><\/span><\/span><\/span><\/span><\/span><\/a><\/li>\n<li><a href=\"https:\/\/deco4.net\/wp-content\/uploads\/2024\/02\/DSK-10022-1-max-.zip\" target=\"_blank\" rel=\"noopener noreferrer\"><i class=\"fas fa-file-pdf\"><\/i><span dir=\"auto\" style=\"vertical-align: inherit;\"><span dir=\"auto\" style=\"vertical-align: inherit;\"><span dir=\"auto\" style=\"vertical-align: inherit;\"><span dir=\"auto\" style=\"vertical-align: inherit;\"><span dir=\"auto\" style=\"vertical-align: inherit;\"><span dir=\"auto\" style=\"vertical-align: inherit;\">3D Max<\/span><\/span><\/span><\/span><\/span><\/span><\/a><\/li>\n<li><a href=\"http:\/\/deco4.net\/tr\/download\/PLINTHE-100-1.dxf\/\" target=\"_blank\" rel=\"noopener noreferrer\"><i class=\"fas fa-file-pdf\"><\/i><span dir=\"auto\" style=\"vertical-align: inherit;\"><span dir=\"auto\" style=\"vertical-align: inherit;\"><span dir=\"auto\" style=\"vertical-align: inherit;\"><span dir=\"auto\" style=\"vertical-align: inherit;\"><span dir=\"auto\" style=\"vertical-align: inherit;\"><span dir=\"auto\" style=\"vertical-align: inherit;\">AutoCAD<\/span><\/span><\/span><\/span><\/span><\/span><\/a><\/li>\n<\/ul>\n<\/div>","protected":false},"featured_media":10341,"comment_status":"open","ping_status":"closed","template":"","meta":[],"product_brand":[],"product_cat":[73,22],"product_tag":[],"class_list":{"0":"post-10197","1":"product","2":"type-product","3":"status-publish","4":"has-post-thumbnail","6":"product_cat-https-deco4-net-product-category-mouldings","7":"product_cat-plinthes","9":"first","10":"instock","11":"shipping-taxable","12":"purchasable","13":"product-type-simple"},"yoast_head":"<!-- This site is optimized with the Yoast SEO plugin v27.4 - https:\/\/yoast.com\/product\/yoast-seo-wordpress\/ -->\n<title>103-1 - deco4<\/title>\n<meta name=\"robots\" content=\"index, follow, max-snippet:-1, max-image-preview:large, max-video-preview:-1\" \/>\n<link rel=\"canonical\" href=\"https:\/\/deco4.net\/tr\/shop\/https-deco4-net-product-category-mouldings\/plinthes\/103-1\/\" \/>\n<meta property=\"og:locale\" content=\"tr_TR\" \/>\n<meta property=\"og:type\" content=\"article\" \/>\n<meta property=\"og:title\" content=\"103-1 - deco4\" \/>\n<meta property=\"og:description\" content=\"Dimensions : 7,1 \u00d7 1,1 mm \/ 2,9 cm Le cache plinthe d\u00e9coratif en d\u00e9copolym\u00e8re, tr\u00e8s r\u00e9sistant aux chocs et \u00e0 l&#039;eau, et d&#039;une grande facilit\u00e9 de pose, vous permet d&#039;obtenir rapidement un r\u00e9sultat propre et professionnel.  Id\u00e9al pour recouvrir les anciennes plinthes sans les d\u00e9monter. il assure une finition \u00e9l\u00e9gante et moderne qui convient parfaitement \u00e0 toutes les pi\u00e8ces.  T\u00e9l\u00e9charger la version :   SketchUp  3D Max  AutoCAD\" \/>\n<meta property=\"og:url\" content=\"https:\/\/deco4.net\/tr\/shop\/https-deco4-net-product-category-mouldings\/plinthes\/103-1\/\" \/>\n<meta property=\"og:site_name\" content=\"deco4\" \/>\n<meta property=\"article:modified_time\" content=\"2026-03-12T10:26:49+00:00\" \/>\n<meta property=\"og:image\" content=\"https:\/\/deco4.net\/wp-content\/uploads\/2025\/10\/103-1.png\" \/>\n\t<meta property=\"og:image:width\" content=\"1121\" \/>\n\t<meta property=\"og:image:height\" content=\"770\" \/>\n\t<meta property=\"og:image:type\" content=\"image\/png\" \/>\n<meta name=\"twitter:card\" content=\"summary_large_image\" \/>\n<meta name=\"twitter:label1\" content=\"Tahmini okuma s\u00fcresi\" \/>\n\t<meta name=\"twitter:data1\" content=\"1 dakika\" \/>\n<script type=\"application\/ld+json\" class=\"yoast-schema-graph\">{\"@context\":\"https:\\\/\\\/schema.org\",\"@graph\":[{\"@type\":\"WebPage\",\"@id\":\"https:\\\/\\\/deco4.net\\\/shop\\\/https-deco4-net-product-category-mouldings\\\/plinthes\\\/103-1\\\/\",\"url\":\"https:\\\/\\\/deco4.net\\\/shop\\\/https-deco4-net-product-category-mouldings\\\/plinthes\\\/103-1\\\/\",\"name\":\"103-1 - deco4\",\"isPartOf\":{\"@id\":\"https:\\\/\\\/deco4.net\\\/ar\\\/#website\"},\"primaryImageOfPage\":{\"@id\":\"https:\\\/\\\/deco4.net\\\/shop\\\/https-deco4-net-product-category-mouldings\\\/plinthes\\\/103-1\\\/#primaryimage\"},\"image\":{\"@id\":\"https:\\\/\\\/deco4.net\\\/shop\\\/https-deco4-net-product-category-mouldings\\\/plinthes\\\/103-1\\\/#primaryimage\"},\"thumbnailUrl\":\"https:\\\/\\\/deco4.net\\\/wp-content\\\/uploads\\\/2025\\\/10\\\/103-1.png\",\"datePublished\":\"2025-10-09T10:10:26+00:00\",\"dateModified\":\"2026-03-12T10:26:49+00:00\",\"breadcrumb\":{\"@id\":\"https:\\\/\\\/deco4.net\\\/shop\\\/https-deco4-net-product-category-mouldings\\\/plinthes\\\/103-1\\\/#breadcrumb\"},\"inLanguage\":\"tr\",\"potentialAction\":[{\"@type\":\"ReadAction\",\"target\":[\"https:\\\/\\\/deco4.net\\\/shop\\\/https-deco4-net-product-category-mouldings\\\/plinthes\\\/103-1\\\/\"]}]},{\"@type\":\"ImageObject\",\"inLanguage\":\"tr\",\"@id\":\"https:\\\/\\\/deco4.net\\\/shop\\\/https-deco4-net-product-category-mouldings\\\/plinthes\\\/103-1\\\/#primaryimage\",\"url\":\"https:\\\/\\\/deco4.net\\\/wp-content\\\/uploads\\\/2025\\\/10\\\/103-1.png\",\"contentUrl\":\"https:\\\/\\\/deco4.net\\\/wp-content\\\/uploads\\\/2025\\\/10\\\/103-1.png\",\"width\":1121,\"height\":770},{\"@type\":\"BreadcrumbList\",\"@id\":\"https:\\\/\\\/deco4.net\\\/shop\\\/https-deco4-net-product-category-mouldings\\\/plinthes\\\/103-1\\\/#breadcrumb\",\"itemListElement\":[{\"@type\":\"ListItem\",\"position\":1,\"name\":\"Home\",\"item\":\"https:\\\/\\\/deco4.net\\\/\"},{\"@type\":\"ListItem\",\"position\":2,\"name\":\"Shop\",\"item\":\"https:\\\/\\\/deco4.net\\\/ar\\\/shop\\\/\"},{\"@type\":\"ListItem\",\"position\":3,\"name\":\"103-1\"}]},{\"@type\":\"WebSite\",\"@id\":\"https:\\\/\\\/deco4.net\\\/ar\\\/#website\",\"url\":\"https:\\\/\\\/deco4.net\\\/ar\\\/\",\"name\":\"deco4\",\"description\":\"D\u00e9coration Murale\",\"potentialAction\":[{\"@type\":\"SearchAction\",\"target\":{\"@type\":\"EntryPoint\",\"urlTemplate\":\"https:\\\/\\\/deco4.net\\\/ar\\\/?s={search_term_string}\"},\"query-input\":{\"@type\":\"PropertyValueSpecification\",\"valueRequired\":true,\"valueName\":\"search_term_string\"}}],\"inLanguage\":\"tr\"}]}<\/script>\n<!-- \/ Yoast SEO plugin. -->","yoast_head_json":{"title":"103-1 - deco4","robots":{"index":"index","follow":"follow","max-snippet":"max-snippet:-1","max-image-preview":"max-image-preview:large","max-video-preview":"max-video-preview:-1"},"canonical":"https:\/\/deco4.net\/tr\/shop\/https-deco4-net-product-category-mouldings\/plinthes\/103-1\/","og_locale":"tr_TR","og_type":"article","og_title":"103-1 - deco4","og_description":"Dimensions : 7,1 \u00d7 1,1 mm \/ 2,9 cm Le cache plinthe d\u00e9coratif en d\u00e9copolym\u00e8re, tr\u00e8s r\u00e9sistant aux chocs et \u00e0 l'eau, et d'une grande facilit\u00e9 de pose, vous permet d'obtenir rapidement un r\u00e9sultat propre et professionnel.  Id\u00e9al pour recouvrir les anciennes plinthes sans les d\u00e9monter. il assure une finition \u00e9l\u00e9gante et moderne qui convient parfaitement \u00e0 toutes les pi\u00e8ces.  T\u00e9l\u00e9charger la version :   SketchUp  3D Max  AutoCAD","og_url":"https:\/\/deco4.net\/tr\/shop\/https-deco4-net-product-category-mouldings\/plinthes\/103-1\/","og_site_name":"deco4","article_modified_time":"2026-03-12T10:26:49+00:00","og_image":[{"width":1121,"height":770,"url":"https:\/\/deco4.net\/wp-content\/uploads\/2025\/10\/103-1.png","type":"image\/png"}],"twitter_card":"summary_large_image","twitter_misc":{"Tahmini okuma s\u00fcresi":"1 dakika"},"schema":{"@context":"https:\/\/schema.org","@graph":[{"@type":"WebPage","@id":"https:\/\/deco4.net\/shop\/https-deco4-net-product-category-mouldings\/plinthes\/103-1\/","url":"https:\/\/deco4.net\/shop\/https-deco4-net-product-category-mouldings\/plinthes\/103-1\/","name":"103-1 - deco4","isPartOf":{"@id":"https:\/\/deco4.net\/ar\/#website"},"primaryImageOfPage":{"@id":"https:\/\/deco4.net\/shop\/https-deco4-net-product-category-mouldings\/plinthes\/103-1\/#primaryimage"},"image":{"@id":"https:\/\/deco4.net\/shop\/https-deco4-net-product-category-mouldings\/plinthes\/103-1\/#primaryimage"},"thumbnailUrl":"https:\/\/deco4.net\/wp-content\/uploads\/2025\/10\/103-1.png","datePublished":"2025-10-09T10:10:26+00:00","dateModified":"2026-03-12T10:26:49+00:00","breadcrumb":{"@id":"https:\/\/deco4.net\/shop\/https-deco4-net-product-category-mouldings\/plinthes\/103-1\/#breadcrumb"},"inLanguage":"tr","potentialAction":[{"@type":"ReadAction","target":["https:\/\/deco4.net\/shop\/https-deco4-net-product-category-mouldings\/plinthes\/103-1\/"]}]},{"@type":"ImageObject","inLanguage":"tr","@id":"https:\/\/deco4.net\/shop\/https-deco4-net-product-category-mouldings\/plinthes\/103-1\/#primaryimage","url":"https:\/\/deco4.net\/wp-content\/uploads\/2025\/10\/103-1.png","contentUrl":"https:\/\/deco4.net\/wp-content\/uploads\/2025\/10\/103-1.png","width":1121,"height":770},{"@type":"BreadcrumbList","@id":"https:\/\/deco4.net\/shop\/https-deco4-net-product-category-mouldings\/plinthes\/103-1\/#breadcrumb","itemListElement":[{"@type":"ListItem","position":1,"name":"Home","item":"https:\/\/deco4.net\/"},{"@type":"ListItem","position":2,"name":"Shop","item":"https:\/\/deco4.net\/ar\/shop\/"},{"@type":"ListItem","position":3,"name":"103-1"}]},{"@type":"WebSite","@id":"https:\/\/deco4.net\/ar\/#website","url":"https:\/\/deco4.net\/ar\/","name":"deco4","description":"D\u00e9coration Murale","potentialAction":[{"@type":"SearchAction","target":{"@type":"EntryPoint","urlTemplate":"https:\/\/deco4.net\/ar\/?s={search_term_string}"},"query-input":{"@type":"PropertyValueSpecification","valueRequired":true,"valueName":"search_term_string"}}],"inLanguage":"tr"}]}},"_links":{"self":[{"href":"https:\/\/deco4.net\/tr\/wp-json\/wp\/v2\/product\/10197","targetHints":{"allow":["GET"]}}],"collection":[{"href":"https:\/\/deco4.net\/tr\/wp-json\/wp\/v2\/product"}],"about":[{"href":"https:\/\/deco4.net\/tr\/wp-json\/wp\/v2\/types\/product"}],"replies":[{"embeddable":true,"href":"https:\/\/deco4.net\/tr\/wp-json\/wp\/v2\/comments?post=10197"}],"wp:featuredmedia":[{"embeddable":true,"href":"https:\/\/deco4.net\/tr\/wp-json\/wp\/v2\/media\/10341"}],"wp:attachment":[{"href":"https:\/\/deco4.net\/tr\/wp-json\/wp\/v2\/media?parent=10197"}],"wp:term":[{"taxonomy":"product_brand","embeddable":true,"href":"https:\/\/deco4.net\/tr\/wp-json\/wp\/v2\/product_brand?post=10197"},{"taxonomy":"product_cat","embeddable":true,"href":"https:\/\/deco4.net\/tr\/wp-json\/wp\/v2\/product_cat?post=10197"},{"taxonomy":"product_tag","embeddable":true,"href":"https:\/\/deco4.net\/tr\/wp-json\/wp\/v2\/product_tag?post=10197"}],"curies":[{"name":"wp","href":"https:\/\/api.w.org\/{rel}","templated":true}]}}