{"id":7464,"date":"2022-09-11T09:58:34","date_gmt":"2022-09-11T09:58:34","guid":{"rendered":"https:\/\/deco4.net\/new\/?post_type=product&#038;p=7464"},"modified":"2025-10-21T09:13:03","modified_gmt":"2025-10-21T09:13:03","slug":"ad-002-1","status":"publish","type":"product","link":"https:\/\/deco4.net\/fr\/shop\/https-deco4-net-product-category-mouldings\/cimaise\/ad-002-1\/","title":{"rendered":"CIMAISE-201-1"},"content":{"rendered":"","protected":false},"excerpt":{"rendered":"<p><strong>Dimensions : 4,1 cm \u00d7 1,4 cm \u00d7 2,9 cm\u00a0<\/strong><\/p>\n<p><span dir=\"auto\" style=\"vertical-align: inherit;\"><span dir=\"auto\" style=\"vertical-align: inherit;\"><span dir=\"auto\" style=\"vertical-align: inherit;\"><span dir=\"auto\" style=\"vertical-align: inherit;\">Cimaises fabriqu\u00e9es en d\u00e9copolym\u00e8re, tr\u00e8s r\u00e9sistantes aux chocs et \u00e0 l&#8217;eau, et tr\u00e8s faciles \u00e0 poser. Apportent une touche d&#8217;\u00e9l\u00e9gance \u00e0 votre int\u00e9rieur. Cette Cimaise peut \u00eatre utilis\u00e9e comme s\u00e9paration.<\/span><\/span><\/span><\/span><\/p>\n<div class=\"pro-btn\">\n<h3><span dir=\"auto\" style=\"vertical-align: inherit;\"><span dir=\"auto\" style=\"vertical-align: inherit;\"><span dir=\"auto\" style=\"vertical-align: inherit;\"><span dir=\"auto\" style=\"vertical-align: inherit;\">T\u00e9l\u00e9charger la version:<\/span><\/span><\/span><\/span><\/h3>\n<ul>\n<li><a href=\"http:\/\/deco4.net\/fr\/sketchup\/201.skp\/\" target=\"_blank\" rel=\"noopener noreferrer\"><i class=\"fas fa-file-pdf\"><\/i><span dir=\"auto\" style=\"vertical-align: inherit;\"><span dir=\"auto\" style=\"vertical-align: inherit;\"><span dir=\"auto\" style=\"vertical-align: inherit;\"><span dir=\"auto\" style=\"vertical-align: inherit;\">Sketchup<\/span><\/span><\/span><\/span><\/a><\/li>\n<li><a href=\"#\" target=\"_blank\" rel=\"noopener noreferrer\"><i class=\"fas fa-file-pdf\"><\/i><span dir=\"auto\" style=\"vertical-align: inherit;\"><span dir=\"auto\" style=\"vertical-align: inherit;\"><span dir=\"auto\" style=\"vertical-align: inherit;\"><span dir=\"auto\" style=\"vertical-align: inherit;\">Archicad<\/span><\/span><\/span><\/span><\/a><\/li>\n<li><a href=\"http:\/\/deco4.net\/fr\/download\/AD-010-1.max\/\" target=\"_blank\" rel=\"noopener noreferrer\"><i class=\"fas fa-file-pdf\"><\/i><span dir=\"auto\" style=\"vertical-align: inherit;\"><span dir=\"auto\" style=\"vertical-align: inherit;\"><span dir=\"auto\" style=\"vertical-align: inherit;\"><span dir=\"auto\" style=\"vertical-align: inherit;\">3D sMax<\/span><\/span><\/span><\/span><\/a><\/li>\n<li><a href=\"http:\/\/deco4.net\/fr\/download\/AD-010-1.dxf\/\" target=\"_blank\" rel=\"noopener noreferrer\"><i class=\"fas fa-file-pdf\"><\/i><span dir=\"auto\" style=\"vertical-align: inherit;\"><span dir=\"auto\" style=\"vertical-align: inherit;\"><span dir=\"auto\" style=\"vertical-align: inherit;\"><span dir=\"auto\" style=\"vertical-align: inherit;\">Autocad<\/span><\/span><\/span><\/span><\/a><\/li>\n<\/ul>\n<\/div>","protected":false},"featured_media":9999,"comment_status":"open","ping_status":"closed","template":"","meta":[],"product_brand":[],"product_cat":[72,75,73],"product_tag":[],"class_list":{"0":"post-7464","1":"product","2":"type-product","3":"status-publish","4":"has-post-thumbnail","6":"product_cat-all-product","7":"product_cat-cimaise","8":"product_cat-https-deco4-net-product-category-mouldings","10":"first","11":"instock","12":"shipping-taxable","13":"purchasable","14":"product-type-simple"},"yoast_head":"<!-- This site is optimized with the Yoast SEO plugin v26.1.1 - https:\/\/yoast.com\/wordpress\/plugins\/seo\/ -->\n<title>CIMAISE-201-1 - deco4<\/title>\n<meta name=\"robots\" content=\"index, follow, max-snippet:-1, max-image-preview:large, max-video-preview:-1\" \/>\n<link rel=\"canonical\" href=\"https:\/\/deco4.net\/fr\/shop\/https-deco4-net-product-category-mouldings\/cimaise\/ad-002-1\/\" \/>\n<meta property=\"og:locale\" content=\"fr_FR\" \/>\n<meta property=\"og:type\" content=\"article\" \/>\n<meta property=\"og:title\" content=\"CIMAISE-201-1 - deco4\" \/>\n<meta property=\"og:description\" content=\"Dimensions : 4,1 cm \u00d7 1,4 cm \u00d7 2,9 cm\u00a0  Cimaises fabriqu\u00e9es en d\u00e9copolym\u00e8re, tr\u00e8s r\u00e9sistantes aux chocs et \u00e0 l&#039;eau, et tr\u00e8s faciles \u00e0 poser. Apportent une touche d&#039;\u00e9l\u00e9gance \u00e0 votre int\u00e9rieur. Cette Cimaise peut \u00eatre utilis\u00e9e comme s\u00e9paration.  T\u00e9l\u00e9charger la version:   Sketchup  Archicad  3D sMax  Autocad\" \/>\n<meta property=\"og:url\" content=\"https:\/\/deco4.net\/fr\/shop\/https-deco4-net-product-category-mouldings\/cimaise\/ad-002-1\/\" \/>\n<meta property=\"og:site_name\" content=\"deco4\" \/>\n<meta property=\"article:modified_time\" content=\"2025-10-21T09:13:03+00:00\" \/>\n<meta property=\"og:image\" content=\"https:\/\/deco4.net\/wp-content\/uploads\/2022\/09\/201.png\" \/>\n\t<meta property=\"og:image:width\" content=\"1121\" \/>\n\t<meta property=\"og:image:height\" content=\"770\" \/>\n\t<meta property=\"og:image:type\" content=\"image\/png\" \/>\n<meta name=\"twitter:card\" content=\"summary_large_image\" \/>\n<meta name=\"twitter:label1\" content=\"Dur\u00e9e de lecture estim\u00e9e\" \/>\n\t<meta name=\"twitter:data1\" content=\"1 minute\" \/>\n<script type=\"application\/ld+json\" class=\"yoast-schema-graph\">{\"@context\":\"https:\/\/schema.org\",\"@graph\":[{\"@type\":\"WebPage\",\"@id\":\"https:\/\/deco4.net\/shop\/https-deco4-net-product-category-mouldings\/cimaise\/ad-002-1\/\",\"url\":\"https:\/\/deco4.net\/shop\/https-deco4-net-product-category-mouldings\/cimaise\/ad-002-1\/\",\"name\":\"CIMAISE-201-1 - deco4\",\"isPartOf\":{\"@id\":\"https:\/\/deco4.net\/ar\/#website\"},\"primaryImageOfPage\":{\"@id\":\"https:\/\/deco4.net\/shop\/https-deco4-net-product-category-mouldings\/cimaise\/ad-002-1\/#primaryimage\"},\"image\":{\"@id\":\"https:\/\/deco4.net\/shop\/https-deco4-net-product-category-mouldings\/cimaise\/ad-002-1\/#primaryimage\"},\"thumbnailUrl\":\"https:\/\/deco4.net\/wp-content\/uploads\/2022\/09\/201.png\",\"datePublished\":\"2022-09-11T09:58:34+00:00\",\"dateModified\":\"2025-10-21T09:13:03+00:00\",\"breadcrumb\":{\"@id\":\"https:\/\/deco4.net\/shop\/https-deco4-net-product-category-mouldings\/cimaise\/ad-002-1\/#breadcrumb\"},\"inLanguage\":\"fr-FR\",\"potentialAction\":[{\"@type\":\"ReadAction\",\"target\":[\"https:\/\/deco4.net\/shop\/https-deco4-net-product-category-mouldings\/cimaise\/ad-002-1\/\"]}]},{\"@type\":\"ImageObject\",\"inLanguage\":\"fr-FR\",\"@id\":\"https:\/\/deco4.net\/shop\/https-deco4-net-product-category-mouldings\/cimaise\/ad-002-1\/#primaryimage\",\"url\":\"https:\/\/deco4.net\/wp-content\/uploads\/2022\/09\/201.png\",\"contentUrl\":\"https:\/\/deco4.net\/wp-content\/uploads\/2022\/09\/201.png\",\"width\":1121,\"height\":770,\"caption\":\"cimaise 201 - Deco4 - D\u00e9core\"},{\"@type\":\"BreadcrumbList\",\"@id\":\"https:\/\/deco4.net\/shop\/https-deco4-net-product-category-mouldings\/cimaise\/ad-002-1\/#breadcrumb\",\"itemListElement\":[{\"@type\":\"ListItem\",\"position\":1,\"name\":\"Home\",\"item\":\"https:\/\/deco4.net\/\"},{\"@type\":\"ListItem\",\"position\":2,\"name\":\"Shop\",\"item\":\"https:\/\/deco4.net\/ar\/shop\/\"},{\"@type\":\"ListItem\",\"position\":3,\"name\":\"CIMAISE-201-1\"}]},{\"@type\":\"WebSite\",\"@id\":\"https:\/\/deco4.net\/ar\/#website\",\"url\":\"https:\/\/deco4.net\/ar\/\",\"name\":\"deco4\",\"description\":\"D\u00e9coration Murale\",\"potentialAction\":[{\"@type\":\"SearchAction\",\"target\":{\"@type\":\"EntryPoint\",\"urlTemplate\":\"https:\/\/deco4.net\/ar\/?s={search_term_string}\"},\"query-input\":{\"@type\":\"PropertyValueSpecification\",\"valueRequired\":true,\"valueName\":\"search_term_string\"}}],\"inLanguage\":\"fr-FR\"}]}<\/script>\n<!-- \/ Yoast SEO plugin. -->","yoast_head_json":{"title":"CIMAISE-201-1 - deco4","robots":{"index":"index","follow":"follow","max-snippet":"max-snippet:-1","max-image-preview":"max-image-preview:large","max-video-preview":"max-video-preview:-1"},"canonical":"https:\/\/deco4.net\/fr\/shop\/https-deco4-net-product-category-mouldings\/cimaise\/ad-002-1\/","og_locale":"fr_FR","og_type":"article","og_title":"CIMAISE-201-1 - deco4","og_description":"Dimensions : 4,1 cm \u00d7 1,4 cm \u00d7 2,9 cm\u00a0  Cimaises fabriqu\u00e9es en d\u00e9copolym\u00e8re, tr\u00e8s r\u00e9sistantes aux chocs et \u00e0 l'eau, et tr\u00e8s faciles \u00e0 poser. Apportent une touche d'\u00e9l\u00e9gance \u00e0 votre int\u00e9rieur. Cette Cimaise peut \u00eatre utilis\u00e9e comme s\u00e9paration.  T\u00e9l\u00e9charger la version:   Sketchup  Archicad  3D sMax  Autocad","og_url":"https:\/\/deco4.net\/fr\/shop\/https-deco4-net-product-category-mouldings\/cimaise\/ad-002-1\/","og_site_name":"deco4","article_modified_time":"2025-10-21T09:13:03+00:00","og_image":[{"width":1121,"height":770,"url":"https:\/\/deco4.net\/wp-content\/uploads\/2022\/09\/201.png","type":"image\/png"}],"twitter_card":"summary_large_image","twitter_misc":{"Dur\u00e9e de lecture estim\u00e9e":"1 minute"},"schema":{"@context":"https:\/\/schema.org","@graph":[{"@type":"WebPage","@id":"https:\/\/deco4.net\/shop\/https-deco4-net-product-category-mouldings\/cimaise\/ad-002-1\/","url":"https:\/\/deco4.net\/shop\/https-deco4-net-product-category-mouldings\/cimaise\/ad-002-1\/","name":"CIMAISE-201-1 - deco4","isPartOf":{"@id":"https:\/\/deco4.net\/ar\/#website"},"primaryImageOfPage":{"@id":"https:\/\/deco4.net\/shop\/https-deco4-net-product-category-mouldings\/cimaise\/ad-002-1\/#primaryimage"},"image":{"@id":"https:\/\/deco4.net\/shop\/https-deco4-net-product-category-mouldings\/cimaise\/ad-002-1\/#primaryimage"},"thumbnailUrl":"https:\/\/deco4.net\/wp-content\/uploads\/2022\/09\/201.png","datePublished":"2022-09-11T09:58:34+00:00","dateModified":"2025-10-21T09:13:03+00:00","breadcrumb":{"@id":"https:\/\/deco4.net\/shop\/https-deco4-net-product-category-mouldings\/cimaise\/ad-002-1\/#breadcrumb"},"inLanguage":"fr-FR","potentialAction":[{"@type":"ReadAction","target":["https:\/\/deco4.net\/shop\/https-deco4-net-product-category-mouldings\/cimaise\/ad-002-1\/"]}]},{"@type":"ImageObject","inLanguage":"fr-FR","@id":"https:\/\/deco4.net\/shop\/https-deco4-net-product-category-mouldings\/cimaise\/ad-002-1\/#primaryimage","url":"https:\/\/deco4.net\/wp-content\/uploads\/2022\/09\/201.png","contentUrl":"https:\/\/deco4.net\/wp-content\/uploads\/2022\/09\/201.png","width":1121,"height":770,"caption":"cimaise 201 - Deco4 - D\u00e9core"},{"@type":"BreadcrumbList","@id":"https:\/\/deco4.net\/shop\/https-deco4-net-product-category-mouldings\/cimaise\/ad-002-1\/#breadcrumb","itemListElement":[{"@type":"ListItem","position":1,"name":"Home","item":"https:\/\/deco4.net\/"},{"@type":"ListItem","position":2,"name":"Shop","item":"https:\/\/deco4.net\/ar\/shop\/"},{"@type":"ListItem","position":3,"name":"CIMAISE-201-1"}]},{"@type":"WebSite","@id":"https:\/\/deco4.net\/ar\/#website","url":"https:\/\/deco4.net\/ar\/","name":"deco4","description":"D\u00e9coration Murale","potentialAction":[{"@type":"SearchAction","target":{"@type":"EntryPoint","urlTemplate":"https:\/\/deco4.net\/ar\/?s={search_term_string}"},"query-input":{"@type":"PropertyValueSpecification","valueRequired":true,"valueName":"search_term_string"}}],"inLanguage":"fr-FR"}]}},"_links":{"self":[{"href":"https:\/\/deco4.net\/fr\/wp-json\/wp\/v2\/product\/7464","targetHints":{"allow":["GET"]}}],"collection":[{"href":"https:\/\/deco4.net\/fr\/wp-json\/wp\/v2\/product"}],"about":[{"href":"https:\/\/deco4.net\/fr\/wp-json\/wp\/v2\/types\/product"}],"replies":[{"embeddable":true,"href":"https:\/\/deco4.net\/fr\/wp-json\/wp\/v2\/comments?post=7464"}],"wp:featuredmedia":[{"embeddable":true,"href":"https:\/\/deco4.net\/fr\/wp-json\/wp\/v2\/media\/9999"}],"wp:attachment":[{"href":"https:\/\/deco4.net\/fr\/wp-json\/wp\/v2\/media?parent=7464"}],"wp:term":[{"taxonomy":"product_brand","embeddable":true,"href":"https:\/\/deco4.net\/fr\/wp-json\/wp\/v2\/product_brand?post=7464"},{"taxonomy":"product_cat","embeddable":true,"href":"https:\/\/deco4.net\/fr\/wp-json\/wp\/v2\/product_cat?post=7464"},{"taxonomy":"product_tag","embeddable":true,"href":"https:\/\/deco4.net\/fr\/wp-json\/wp\/v2\/product_tag?post=7464"}],"curies":[{"name":"wp","href":"https:\/\/api.w.org\/{rel}","templated":true}]}}