{"id":10141,"date":"2025-09-24T11:18:38","date_gmt":"2025-09-24T11:18:38","guid":{"rendered":"https:\/\/deco4.net\/?post_type=product&#038;p=10141"},"modified":"2026-05-11T08:53:57","modified_gmt":"2026-05-11T08:53:57","slug":"109-1-2","status":"publish","type":"product","link":"https:\/\/deco4.net\/fr\/shop\/https-deco4-net-product-category-mouldings\/plinthes\/109-1-2\/","title":{"rendered":"plinthe 109-1"},"content":{"rendered":"","protected":false},"excerpt":{"rendered":"<p><strong><span dir=\"auto\" style=\"vertical-align: inherit;\"><span dir=\"auto\" style=\"vertical-align: inherit;\"><span dir=\"auto\" style=\"vertical-align: inherit;\"><span dir=\"auto\" style=\"vertical-align: inherit;\">Dimensions : 10 cm \u00d7 1,8 cm \u00d7 2,9 cm\u00a0<\/span><\/span><\/span><\/span><\/strong><\/p>\n<h3><span dir=\"auto\" style=\"vertical-align: inherit;\"><span dir=\"auto\" style=\"vertical-align: inherit;\"><span dir=\"auto\" style=\"vertical-align: inherit;\"><span dir=\"auto\" style=\"vertical-align: inherit;\"><span dir=\"auto\" style=\"vertical-align: inherit;\"><span dir=\"auto\" style=\"vertical-align: inherit;\">T\u00e9l\u00e9charger la version :<\/span><\/span><\/span><\/span><\/span><\/span><\/h3>\n<ul>\n<li><a href=\"https:\/\/deco4.net\/sketchup\/plinthe\/Plinthe 109-1.skp\" target=\"_blank\" rel=\"noopener\"><i class=\"fas fa-file-pdf\"><\/i><span dir=\"auto\" style=\"vertical-align: inherit;\"><span dir=\"auto\" style=\"vertical-align: inherit;\"><span dir=\"auto\" style=\"vertical-align: inherit;\"><span dir=\"auto\" style=\"vertical-align: inherit;\"><span dir=\"auto\" style=\"vertical-align: inherit;\"><span dir=\"auto\" style=\"vertical-align: inherit;\">SketchUp<\/span><\/span><\/span><\/span><\/span><\/span><\/a><\/li>\n<\/ul>\n<p><span dir=\"auto\" style=\"vertical-align: inherit;\"><span dir=\"auto\" style=\"vertical-align: inherit;\"><span dir=\"auto\" style=\"vertical-align: inherit;\"><span dir=\"auto\" style=\"vertical-align: inherit;\">Plinthe d\u00e9corative en d\u00e9copolym\u00e8re, tr\u00e8s r\u00e9sistanTe aux chocs et \u00e0 l&#8217;eau, et tr\u00e8s facile \u00e0 poser, vous permet d&#8217;obtenir rapidement un r\u00e9sultat professionnel. Ce socle peut \u00eatre utilis\u00e9 comme chambranle, chapeau. Convient \u00e0 n&#8217;importe quelle pi\u00e8ce.<\/span><\/span><\/span><\/span><\/p>\n<p>&nbsp;<\/p>","protected":false},"featured_media":10845,"comment_status":"open","ping_status":"closed","template":"","meta":[],"product_brand":[],"product_cat":[73,22],"product_tag":[],"class_list":{"0":"post-10141","1":"product","2":"type-product","3":"status-publish","4":"has-post-thumbnail","6":"product_cat-https-deco4-net-product-category-mouldings","7":"product_cat-plinthes","9":"first","10":"instock","11":"shipping-taxable","12":"purchasable","13":"product-type-simple"},"yoast_head":"<!-- This site is optimized with the Yoast SEO plugin v27.4 - https:\/\/yoast.com\/product\/yoast-seo-wordpress\/ -->\n<title>plinthe 109-1 - deco4<\/title>\n<meta name=\"robots\" content=\"index, follow, max-snippet:-1, max-image-preview:large, max-video-preview:-1\" \/>\n<link rel=\"canonical\" href=\"https:\/\/deco4.net\/fr\/shop\/https-deco4-net-product-category-mouldings\/plinthes\/109-1-2\/\" \/>\n<meta property=\"og:locale\" content=\"fr_FR\" \/>\n<meta property=\"og:type\" content=\"article\" \/>\n<meta property=\"og:title\" content=\"plinthe 109-1 - deco4\" \/>\n<meta property=\"og:description\" content=\"Dimensions : 10 cm \u00d7 1,8 cm \u00d7 2,9 cm\u00a0 T\u00e9l\u00e9charger la version :   SketchUp  Plinthe d\u00e9corative en d\u00e9copolym\u00e8re, tr\u00e8s r\u00e9sistanTe aux chocs et \u00e0 l&#039;eau, et tr\u00e8s facile \u00e0 poser, vous permet d&#039;obtenir rapidement un r\u00e9sultat professionnel. Ce socle peut \u00eatre utilis\u00e9 comme chambranle, chapeau. Convient \u00e0 n&#039;importe quelle pi\u00e8ce.  &nbsp;\" \/>\n<meta property=\"og:url\" content=\"https:\/\/deco4.net\/fr\/shop\/https-deco4-net-product-category-mouldings\/plinthes\/109-1-2\/\" \/>\n<meta property=\"og:site_name\" content=\"deco4\" \/>\n<meta property=\"article:modified_time\" content=\"2026-05-11T08:53:57+00:00\" \/>\n<meta property=\"og:image\" content=\"https:\/\/deco4.net\/wp-content\/uploads\/2025\/09\/109-2.png\" \/>\n\t<meta property=\"og:image:width\" content=\"400\" \/>\n\t<meta property=\"og:image:height\" content=\"350\" \/>\n\t<meta property=\"og:image:type\" content=\"image\/png\" \/>\n<meta name=\"twitter:card\" content=\"summary_large_image\" \/>\n<meta name=\"twitter:label1\" content=\"Dur\u00e9e de lecture estim\u00e9e\" \/>\n\t<meta name=\"twitter:data1\" content=\"1 minute\" \/>\n<script type=\"application\/ld+json\" class=\"yoast-schema-graph\">{\"@context\":\"https:\\\/\\\/schema.org\",\"@graph\":[{\"@type\":\"WebPage\",\"@id\":\"https:\\\/\\\/deco4.net\\\/shop\\\/https-deco4-net-product-category-mouldings\\\/plinthes\\\/109-1-2\\\/\",\"url\":\"https:\\\/\\\/deco4.net\\\/shop\\\/https-deco4-net-product-category-mouldings\\\/plinthes\\\/109-1-2\\\/\",\"name\":\"plinthe 109-1 - deco4\",\"isPartOf\":{\"@id\":\"https:\\\/\\\/deco4.net\\\/ar\\\/#website\"},\"primaryImageOfPage\":{\"@id\":\"https:\\\/\\\/deco4.net\\\/shop\\\/https-deco4-net-product-category-mouldings\\\/plinthes\\\/109-1-2\\\/#primaryimage\"},\"image\":{\"@id\":\"https:\\\/\\\/deco4.net\\\/shop\\\/https-deco4-net-product-category-mouldings\\\/plinthes\\\/109-1-2\\\/#primaryimage\"},\"thumbnailUrl\":\"https:\\\/\\\/deco4.net\\\/wp-content\\\/uploads\\\/2025\\\/09\\\/109-2.png\",\"datePublished\":\"2025-09-24T11:18:38+00:00\",\"dateModified\":\"2026-05-11T08:53:57+00:00\",\"breadcrumb\":{\"@id\":\"https:\\\/\\\/deco4.net\\\/shop\\\/https-deco4-net-product-category-mouldings\\\/plinthes\\\/109-1-2\\\/#breadcrumb\"},\"inLanguage\":\"fr-FR\",\"potentialAction\":[{\"@type\":\"ReadAction\",\"target\":[\"https:\\\/\\\/deco4.net\\\/shop\\\/https-deco4-net-product-category-mouldings\\\/plinthes\\\/109-1-2\\\/\"]}]},{\"@type\":\"ImageObject\",\"inLanguage\":\"fr-FR\",\"@id\":\"https:\\\/\\\/deco4.net\\\/shop\\\/https-deco4-net-product-category-mouldings\\\/plinthes\\\/109-1-2\\\/#primaryimage\",\"url\":\"https:\\\/\\\/deco4.net\\\/wp-content\\\/uploads\\\/2025\\\/09\\\/109-2.png\",\"contentUrl\":\"https:\\\/\\\/deco4.net\\\/wp-content\\\/uploads\\\/2025\\\/09\\\/109-2.png\",\"width\":400,\"height\":350},{\"@type\":\"BreadcrumbList\",\"@id\":\"https:\\\/\\\/deco4.net\\\/shop\\\/https-deco4-net-product-category-mouldings\\\/plinthes\\\/109-1-2\\\/#breadcrumb\",\"itemListElement\":[{\"@type\":\"ListItem\",\"position\":1,\"name\":\"Home\",\"item\":\"https:\\\/\\\/deco4.net\\\/\"},{\"@type\":\"ListItem\",\"position\":2,\"name\":\"Shop\",\"item\":\"https:\\\/\\\/deco4.net\\\/ar\\\/shop\\\/\"},{\"@type\":\"ListItem\",\"position\":3,\"name\":\"plinthe 109-1\"}]},{\"@type\":\"WebSite\",\"@id\":\"https:\\\/\\\/deco4.net\\\/ar\\\/#website\",\"url\":\"https:\\\/\\\/deco4.net\\\/ar\\\/\",\"name\":\"deco4\",\"description\":\"D\u00e9coration Murale\",\"potentialAction\":[{\"@type\":\"SearchAction\",\"target\":{\"@type\":\"EntryPoint\",\"urlTemplate\":\"https:\\\/\\\/deco4.net\\\/ar\\\/?s={search_term_string}\"},\"query-input\":{\"@type\":\"PropertyValueSpecification\",\"valueRequired\":true,\"valueName\":\"search_term_string\"}}],\"inLanguage\":\"fr-FR\"}]}<\/script>\n<!-- \/ Yoast SEO plugin. -->","yoast_head_json":{"title":"plinthe 109-1 - deco4","robots":{"index":"index","follow":"follow","max-snippet":"max-snippet:-1","max-image-preview":"max-image-preview:large","max-video-preview":"max-video-preview:-1"},"canonical":"https:\/\/deco4.net\/fr\/shop\/https-deco4-net-product-category-mouldings\/plinthes\/109-1-2\/","og_locale":"fr_FR","og_type":"article","og_title":"plinthe 109-1 - deco4","og_description":"Dimensions : 10 cm \u00d7 1,8 cm \u00d7 2,9 cm\u00a0 T\u00e9l\u00e9charger la version :   SketchUp  Plinthe d\u00e9corative en d\u00e9copolym\u00e8re, tr\u00e8s r\u00e9sistanTe aux chocs et \u00e0 l'eau, et tr\u00e8s facile \u00e0 poser, vous permet d'obtenir rapidement un r\u00e9sultat professionnel. Ce socle peut \u00eatre utilis\u00e9 comme chambranle, chapeau. Convient \u00e0 n'importe quelle pi\u00e8ce.  &nbsp;","og_url":"https:\/\/deco4.net\/fr\/shop\/https-deco4-net-product-category-mouldings\/plinthes\/109-1-2\/","og_site_name":"deco4","article_modified_time":"2026-05-11T08:53:57+00:00","og_image":[{"width":400,"height":350,"url":"https:\/\/deco4.net\/wp-content\/uploads\/2025\/09\/109-2.png","type":"image\/png"}],"twitter_card":"summary_large_image","twitter_misc":{"Dur\u00e9e de lecture estim\u00e9e":"1 minute"},"schema":{"@context":"https:\/\/schema.org","@graph":[{"@type":"WebPage","@id":"https:\/\/deco4.net\/shop\/https-deco4-net-product-category-mouldings\/plinthes\/109-1-2\/","url":"https:\/\/deco4.net\/shop\/https-deco4-net-product-category-mouldings\/plinthes\/109-1-2\/","name":"plinthe 109-1 - deco4","isPartOf":{"@id":"https:\/\/deco4.net\/ar\/#website"},"primaryImageOfPage":{"@id":"https:\/\/deco4.net\/shop\/https-deco4-net-product-category-mouldings\/plinthes\/109-1-2\/#primaryimage"},"image":{"@id":"https:\/\/deco4.net\/shop\/https-deco4-net-product-category-mouldings\/plinthes\/109-1-2\/#primaryimage"},"thumbnailUrl":"https:\/\/deco4.net\/wp-content\/uploads\/2025\/09\/109-2.png","datePublished":"2025-09-24T11:18:38+00:00","dateModified":"2026-05-11T08:53:57+00:00","breadcrumb":{"@id":"https:\/\/deco4.net\/shop\/https-deco4-net-product-category-mouldings\/plinthes\/109-1-2\/#breadcrumb"},"inLanguage":"fr-FR","potentialAction":[{"@type":"ReadAction","target":["https:\/\/deco4.net\/shop\/https-deco4-net-product-category-mouldings\/plinthes\/109-1-2\/"]}]},{"@type":"ImageObject","inLanguage":"fr-FR","@id":"https:\/\/deco4.net\/shop\/https-deco4-net-product-category-mouldings\/plinthes\/109-1-2\/#primaryimage","url":"https:\/\/deco4.net\/wp-content\/uploads\/2025\/09\/109-2.png","contentUrl":"https:\/\/deco4.net\/wp-content\/uploads\/2025\/09\/109-2.png","width":400,"height":350},{"@type":"BreadcrumbList","@id":"https:\/\/deco4.net\/shop\/https-deco4-net-product-category-mouldings\/plinthes\/109-1-2\/#breadcrumb","itemListElement":[{"@type":"ListItem","position":1,"name":"Home","item":"https:\/\/deco4.net\/"},{"@type":"ListItem","position":2,"name":"Shop","item":"https:\/\/deco4.net\/ar\/shop\/"},{"@type":"ListItem","position":3,"name":"plinthe 109-1"}]},{"@type":"WebSite","@id":"https:\/\/deco4.net\/ar\/#website","url":"https:\/\/deco4.net\/ar\/","name":"deco4","description":"D\u00e9coration Murale","potentialAction":[{"@type":"SearchAction","target":{"@type":"EntryPoint","urlTemplate":"https:\/\/deco4.net\/ar\/?s={search_term_string}"},"query-input":{"@type":"PropertyValueSpecification","valueRequired":true,"valueName":"search_term_string"}}],"inLanguage":"fr-FR"}]}},"_links":{"self":[{"href":"https:\/\/deco4.net\/fr\/wp-json\/wp\/v2\/product\/10141","targetHints":{"allow":["GET"]}}],"collection":[{"href":"https:\/\/deco4.net\/fr\/wp-json\/wp\/v2\/product"}],"about":[{"href":"https:\/\/deco4.net\/fr\/wp-json\/wp\/v2\/types\/product"}],"replies":[{"embeddable":true,"href":"https:\/\/deco4.net\/fr\/wp-json\/wp\/v2\/comments?post=10141"}],"wp:featuredmedia":[{"embeddable":true,"href":"https:\/\/deco4.net\/fr\/wp-json\/wp\/v2\/media\/10845"}],"wp:attachment":[{"href":"https:\/\/deco4.net\/fr\/wp-json\/wp\/v2\/media?parent=10141"}],"wp:term":[{"taxonomy":"product_brand","embeddable":true,"href":"https:\/\/deco4.net\/fr\/wp-json\/wp\/v2\/product_brand?post=10141"},{"taxonomy":"product_cat","embeddable":true,"href":"https:\/\/deco4.net\/fr\/wp-json\/wp\/v2\/product_cat?post=10141"},{"taxonomy":"product_tag","embeddable":true,"href":"https:\/\/deco4.net\/fr\/wp-json\/wp\/v2\/product_tag?post=10141"}],"curies":[{"name":"wp","href":"https:\/\/api.w.org\/{rel}","templated":true}]}}