{"id":7898,"date":"2022-11-06T16:23:37","date_gmt":"2022-11-06T16:23:37","guid":{"rendered":"https:\/\/deco4.net\/new\/?page_id=7898"},"modified":"2022-11-07T08:36:44","modified_gmt":"2022-11-07T08:36:44","slug":"corniche","status":"publish","type":"page","link":"https:\/\/deco4.net\/fr\/corniche\/","title":{"rendered":"CORNICHE"},"content":{"rendered":"<div class=\"wpb-content-wrapper\"><div class=\"vc_row wpb_row vc_row-fluid\"><div class=\"wpb_column vc_column_container vc_col-sm-12\"><div class=\"vc_column-inner\"><div class=\"wpb_wrapper\">\t\t\t<div id=\"\" class=\"wd-products-element wd-rs-6368c394576a8 wd-wpb\">\n\t\t\t\n\t\t\n\t\t\t\t\t<div class=\"products wd-products  grid-columns-4 elements-grid pagination-infinit wd-grid-g\" data-paged=\"1\" data-atts=\"{&quot;taxonomies&quot;:&quot;77&quot;,&quot;pagination&quot;:&quot;infinit&quot;,&quot;sale_countdown&quot;:&quot;0&quot;,&quot;stock_progress_bar&quot;:&quot;0&quot;,&quot;highlighted_products&quot;:&quot;0&quot;,&quot;products_bordered_grid&quot;:&quot;0&quot;,&quot;woodmart_css_id&quot;:&quot;6368c394576a8&quot;,&quot;force_not_ajax&quot;:&quot;no&quot;}\" data-source=\"shortcode\" data-columns=\"4\" data-grid-gallery=\"\" style=\"--wd-col-lg:4;--wd-col-md:4;--wd-col-sm:2;--wd-gap-lg:20px;--wd-gap-sm:10px;\">\n\t\t\t<div class=\"wd-product wd-hover-buttons-on-hover wd-col product-grid-item product type-product post-10601 status-publish instock product_cat-corniche has-post-thumbnail shipping-taxable purchasable product-type-simple\" data-loop=\"1\" data-id=\"10601\">\n\t\n\t\n<div class=\"product-wrapper\">\n\t<div class=\"product-element-top wd-quick-shop\">\n\t\t<a href=\"https:\/\/deco4.net\/fr\/shop\/https-deco4-net-product-category-mouldings\/corniche\/315-1-2\/\" class=\"product-image-link\" aria-label=\"315-1\">\n\t\t\t<img loading=\"lazy\" decoding=\"async\" width=\"400\" height=\"350\" src=\"https:\/\/deco4.net\/wp-content\/uploads\/2026\/04\/315-11.png\" class=\"attachment-woocommerce_thumbnail size-woocommerce_thumbnail\" alt=\"\" srcset=\"https:\/\/deco4.net\/wp-content\/uploads\/2026\/04\/315-11.png 400w, https:\/\/deco4.net\/wp-content\/uploads\/2026\/04\/315-11-343x300.png 343w, https:\/\/deco4.net\/wp-content\/uploads\/2026\/04\/315-11-14x12.png 14w, https:\/\/deco4.net\/wp-content\/uploads\/2026\/04\/315-11-100x88.png 100w\" sizes=\"auto, (max-width: 400px) 100vw, 400px\" \/>\t\t<\/a>\n\n\t\t\t\t\t<div class=\"hover-img\">\n\t\t\t\t<img loading=\"lazy\" decoding=\"async\" width=\"400\" height=\"350\" src=\"https:\/\/deco4.net\/wp-content\/uploads\/2026\/04\/315-11.png\" class=\"attachment-woocommerce_thumbnail size-woocommerce_thumbnail\" alt=\"\" srcset=\"https:\/\/deco4.net\/wp-content\/uploads\/2026\/04\/315-11.png 400w, https:\/\/deco4.net\/wp-content\/uploads\/2026\/04\/315-11-343x300.png 343w, https:\/\/deco4.net\/wp-content\/uploads\/2026\/04\/315-11-14x12.png 14w, https:\/\/deco4.net\/wp-content\/uploads\/2026\/04\/315-11-100x88.png 100w\" sizes=\"auto, (max-width: 400px) 100vw, 400px\" \/>\t\t\t<\/div>\n\t\t\t\n\t\t<div class=\"wd-buttons wd-pos-r-t\">\n\t\t\t\t\t\t<div class=\"wd-wishlist-btn wd-action-btn wd-style-icon wd-wishlist-icon\">\n\t\t\t\t<a class=\"\" href=\"https:\/\/deco4.net\/fr\/wishlist\/\" data-key=\"571be3228a\" data-product-id=\"10601\" rel=\"nofollow\" data-added-text=\"Browse Wishlist\">\n\t\t\t\t\t<span>Add to wishlist<\/span>\n\t\t\t\t<\/a>\n\t\t\t<\/div>\n\t\t\t\t<\/div>\n\t<\/div>\n\n\t<div class=\"product-element-bottom\">\n\n\t\t<div class=\"wd-product-header\">\n\t\t\t<h3 class=\"wd-entities-title\"><a href=\"https:\/\/deco4.net\/fr\/shop\/https-deco4-net-product-category-mouldings\/corniche\/315-1-2\/\">315-1<\/a><\/h3>\n\t\t\t\t\t<\/div>\n\n\t\t\n\t\t\t\t<div class=\"wd-product-cats\">\n\t\t\t<a href=\"https:\/\/deco4.net\/fr\/categorie-produit\/https-deco4-net-product-category-mouldings\/corniche\/\" rel=\"tag\">corniches<\/a>\t\t<\/div>\n\t\t\n\t\t\n\t\t<div class=\"wrap-price\">\n\t\t\t\n\t<span class=\"price\"><span class=\"woocommerce-Price-amount amount\"><bdi><span class=\"woocommerce-Price-currencySymbol\">DA<\/span>&nbsp;1.100,00<\/bdi><\/span><\/span>\n\n\t\t\t\t\t<\/div>\n\n\t\t\n\t\t\n\t\t\n\t\t\n\t\t<div class=\"wd-product-footer\">\n\t\t\t<div class=\"wd-add-btn wd-add-btn-replace\">\n\t\t\t\t<a href=\"\/fr\/wp-json\/wp\/v2\/pages\/7898?add-to-cart=10601\" aria-describedby=\"woocommerce_loop_add_to_cart_link_describedby_10601\" data-quantity=\"1\" class=\"button product_type_simple add_to_cart_button ajax_add_to_cart add-to-cart-loop\" data-product_id=\"10601\" data-product_sku=\"\" aria-label=\"Ajouter au panier\u00a0: \u201c315-1\u201d\" rel=\"nofollow\" data-success_message=\"\u00ab\u00a0315-1\u00a0\u00bb a \u00e9t\u00e9 ajout\u00e9 \u00e0 votre panier\" role=\"button\" data-no-translation-aria-label=\"\" data-no-translation-data-success_message=\"\"><span data-no-translation=\"\" data-trp-gettext=\"\">Ajouter au panier<\/span><\/a>\t<span id=\"woocommerce_loop_add_to_cart_link_describedby_10601\" class=\"screen-reader-text\">\n\t\t\t<\/span>\n\t\t\t<\/div>\n\n\t\t\t\t\t\t<div class=\"wd-action-buttons\">\n\t\t\t\t\t\t<div class=\"wd-compare-btn product-compare-button wd-action-btn wd-style-icon wd-compare-icon wd-tooltip\">\n\t\t\t<a href=\"https:\/\/deco4.net\/fr\/compare\/\" data-id=\"10601\" rel=\"nofollow\" data-added-text=\"Compare products\">\n\t\t\t\t<span>Add to compare<\/span>\n\t\t\t<\/a>\n\t\t<\/div>\n\t\t\t\t\t\t\t\t<div class=\"quick-view wd-action-btn wd-style-icon wd-quick-view-icon wd-tooltip\">\n\t\t\t<a\n\t\t\t\thref=\"https:\/\/deco4.net\/fr\/shop\/https-deco4-net-product-category-mouldings\/corniche\/315-1-2\/\"\n\t\t\t\tclass=\"open-quick-view quick-view-button\"\n\t\t\t\trel=\"nofollow\"\n\t\t\t\tdata-id=\"10601\"\n\t\t\t\t>Quick view<\/a>\n\t\t<\/div>\n\t\t\t\t\t<\/div>\n\t\t\t\t\t<\/div>\n\t<\/div>\n<\/div>\n<\/div>\n<div class=\"wd-product wd-hover-buttons-on-hover wd-col product-grid-item product type-product post-9287 status-publish instock product_cat-corniche product_cat-https-deco4-net-product-category-mouldings has-post-thumbnail shipping-taxable purchasable product-type-simple\" data-loop=\"2\" data-id=\"9287\">\n\t\n\t\n<div class=\"product-wrapper\">\n\t<div class=\"product-element-top wd-quick-shop\">\n\t\t<a href=\"https:\/\/deco4.net\/fr\/shop\/https-deco4-net-product-category-mouldings\/corniche\/corniche-300-1\/\" class=\"product-image-link\" aria-label=\"CORNICHE-300-1\">\n\t\t\t<img loading=\"lazy\" decoding=\"async\" width=\"400\" height=\"350\" src=\"https:\/\/deco4.net\/wp-content\/uploads\/2023\/09\/whi.png\" class=\"attachment-woocommerce_thumbnail size-woocommerce_thumbnail\" alt=\"\" srcset=\"https:\/\/deco4.net\/wp-content\/uploads\/2023\/09\/whi.png 400w, https:\/\/deco4.net\/wp-content\/uploads\/2023\/09\/whi-343x300.png 343w, https:\/\/deco4.net\/wp-content\/uploads\/2023\/09\/whi-14x12.png 14w, https:\/\/deco4.net\/wp-content\/uploads\/2023\/09\/whi-100x88.png 100w\" sizes=\"auto, (max-width: 400px) 100vw, 400px\" \/>\t\t<\/a>\n\n\t\t\t\t\t<div class=\"hover-img\">\n\t\t\t\t<img loading=\"lazy\" decoding=\"async\" width=\"400\" height=\"350\" src=\"https:\/\/deco4.net\/wp-content\/uploads\/2023\/09\/whi.png\" class=\"attachment-woocommerce_thumbnail size-woocommerce_thumbnail\" alt=\"\" srcset=\"https:\/\/deco4.net\/wp-content\/uploads\/2023\/09\/whi.png 400w, https:\/\/deco4.net\/wp-content\/uploads\/2023\/09\/whi-343x300.png 343w, https:\/\/deco4.net\/wp-content\/uploads\/2023\/09\/whi-14x12.png 14w, https:\/\/deco4.net\/wp-content\/uploads\/2023\/09\/whi-100x88.png 100w\" sizes=\"auto, (max-width: 400px) 100vw, 400px\" \/>\t\t\t<\/div>\n\t\t\t\n\t\t<div class=\"wd-buttons wd-pos-r-t\">\n\t\t\t\t\t\t<div class=\"wd-wishlist-btn wd-action-btn wd-style-icon wd-wishlist-icon\">\n\t\t\t\t<a class=\"\" href=\"https:\/\/deco4.net\/fr\/wishlist\/\" data-key=\"571be3228a\" data-product-id=\"9287\" rel=\"nofollow\" data-added-text=\"Browse Wishlist\">\n\t\t\t\t\t<span>Add to wishlist<\/span>\n\t\t\t\t<\/a>\n\t\t\t<\/div>\n\t\t\t\t<\/div>\n\t<\/div>\n\n\t<div class=\"product-element-bottom\">\n\n\t\t<div class=\"wd-product-header\">\n\t\t\t<h3 class=\"wd-entities-title\"><a href=\"https:\/\/deco4.net\/fr\/shop\/https-deco4-net-product-category-mouldings\/corniche\/corniche-300-1\/\">CORNICHE-300-1<\/a><\/h3>\n\t\t\t\t\t<\/div>\n\n\t\t\n\t\t\t\t<div class=\"wd-product-cats\">\n\t\t\t<a href=\"https:\/\/deco4.net\/fr\/categorie-produit\/https-deco4-net-product-category-mouldings\/\" rel=\"tag\">Moulures<\/a>, <a href=\"https:\/\/deco4.net\/fr\/categorie-produit\/https-deco4-net-product-category-mouldings\/corniche\/\" rel=\"tag\">corniches<\/a>\t\t<\/div>\n\t\t\n\t\t\n\t\t<div class=\"wrap-price\">\n\t\t\t\n\t<span class=\"price\"><span class=\"woocommerce-Price-amount amount\"><bdi><span class=\"woocommerce-Price-currencySymbol\">DA<\/span>&nbsp;1.950,00<\/bdi><\/span><span class=\"wd-price-unit\">baguette<\/span><\/span>\n\n\t\t\t\t\t<\/div>\n\n\t\t\n\t\t\n\t\t\n\t\t\n\t\t<div class=\"wd-product-footer\">\n\t\t\t<div class=\"wd-add-btn wd-add-btn-replace\">\n\t\t\t\t<a href=\"\/fr\/wp-json\/wp\/v2\/pages\/7898?add-to-cart=9287\" aria-describedby=\"woocommerce_loop_add_to_cart_link_describedby_9287\" data-quantity=\"1\" class=\"button product_type_simple add_to_cart_button ajax_add_to_cart add-to-cart-loop\" data-product_id=\"9287\" data-product_sku=\"\" aria-label=\"Ajouter au panier\u00a0: \u201cCORNICHE-300-1\u201d\" rel=\"nofollow\" data-success_message=\"\u00ab\u00a0CORNICHE-300-1\u00a0\u00bb a \u00e9t\u00e9 ajout\u00e9 \u00e0 votre panier\" role=\"button\" data-no-translation-aria-label=\"\" data-no-translation-data-success_message=\"\"><span data-no-translation=\"\" data-trp-gettext=\"\">Ajouter au panier<\/span><\/a>\t<span id=\"woocommerce_loop_add_to_cart_link_describedby_9287\" class=\"screen-reader-text\">\n\t\t\t<\/span>\n\t\t\t<\/div>\n\n\t\t\t\t\t\t<div class=\"wd-action-buttons\">\n\t\t\t\t\t\t<div class=\"wd-compare-btn product-compare-button wd-action-btn wd-style-icon wd-compare-icon wd-tooltip\">\n\t\t\t<a href=\"https:\/\/deco4.net\/fr\/compare\/\" data-id=\"9287\" rel=\"nofollow\" data-added-text=\"Compare products\">\n\t\t\t\t<span>Add to compare<\/span>\n\t\t\t<\/a>\n\t\t<\/div>\n\t\t\t\t\t\t\t\t<div class=\"quick-view wd-action-btn wd-style-icon wd-quick-view-icon wd-tooltip\">\n\t\t\t<a\n\t\t\t\thref=\"https:\/\/deco4.net\/fr\/shop\/https-deco4-net-product-category-mouldings\/corniche\/corniche-300-1\/\"\n\t\t\t\tclass=\"open-quick-view quick-view-button\"\n\t\t\t\trel=\"nofollow\"\n\t\t\t\tdata-id=\"9287\"\n\t\t\t\t>Quick view<\/a>\n\t\t<\/div>\n\t\t\t\t\t<\/div>\n\t\t\t\t\t<\/div>\n\t<\/div>\n<\/div>\n<\/div>\n<div class=\"wd-product wd-hover-buttons-on-hover wd-col product-grid-item product type-product post-9289 status-publish last instock product_cat-corniche has-post-thumbnail shipping-taxable purchasable product-type-simple\" data-loop=\"3\" data-id=\"9289\">\n\t\n\t\n<div class=\"product-wrapper\">\n\t<div class=\"product-element-top wd-quick-shop\">\n\t\t<a href=\"https:\/\/deco4.net\/fr\/shop\/https-deco4-net-product-category-mouldings\/corniche\/corniche-301-1\/\" class=\"product-image-link\" aria-label=\"CORNICHE-301-1\">\n\t\t\t<img loading=\"lazy\" decoding=\"async\" width=\"400\" height=\"350\" src=\"https:\/\/deco4.net\/wp-content\/uploads\/2023\/09\/301-1-2.png\" class=\"attachment-woocommerce_thumbnail size-woocommerce_thumbnail\" alt=\"\" srcset=\"https:\/\/deco4.net\/wp-content\/uploads\/2023\/09\/301-1-2.png 400w, https:\/\/deco4.net\/wp-content\/uploads\/2023\/09\/301-1-2-343x300.png 343w, https:\/\/deco4.net\/wp-content\/uploads\/2023\/09\/301-1-2-14x12.png 14w, https:\/\/deco4.net\/wp-content\/uploads\/2023\/09\/301-1-2-100x88.png 100w\" sizes=\"auto, (max-width: 400px) 100vw, 400px\" \/>\t\t<\/a>\n\n\t\t\t\t\t<div class=\"hover-img\">\n\t\t\t\t<img loading=\"lazy\" decoding=\"async\" width=\"400\" height=\"350\" src=\"https:\/\/deco4.net\/wp-content\/uploads\/2023\/09\/301-1-2.png\" class=\"attachment-woocommerce_thumbnail size-woocommerce_thumbnail\" alt=\"\" srcset=\"https:\/\/deco4.net\/wp-content\/uploads\/2023\/09\/301-1-2.png 400w, https:\/\/deco4.net\/wp-content\/uploads\/2023\/09\/301-1-2-343x300.png 343w, https:\/\/deco4.net\/wp-content\/uploads\/2023\/09\/301-1-2-14x12.png 14w, https:\/\/deco4.net\/wp-content\/uploads\/2023\/09\/301-1-2-100x88.png 100w\" sizes=\"auto, (max-width: 400px) 100vw, 400px\" \/>\t\t\t<\/div>\n\t\t\t\n\t\t<div class=\"wd-buttons wd-pos-r-t\">\n\t\t\t\t\t\t<div class=\"wd-wishlist-btn wd-action-btn wd-style-icon wd-wishlist-icon\">\n\t\t\t\t<a class=\"\" href=\"https:\/\/deco4.net\/fr\/wishlist\/\" data-key=\"571be3228a\" data-product-id=\"9289\" rel=\"nofollow\" data-added-text=\"Browse Wishlist\">\n\t\t\t\t\t<span>Add to wishlist<\/span>\n\t\t\t\t<\/a>\n\t\t\t<\/div>\n\t\t\t\t<\/div>\n\t<\/div>\n\n\t<div class=\"product-element-bottom\">\n\n\t\t<div class=\"wd-product-header\">\n\t\t\t<h3 class=\"wd-entities-title\"><a href=\"https:\/\/deco4.net\/fr\/shop\/https-deco4-net-product-category-mouldings\/corniche\/corniche-301-1\/\">CORNICHE-301-1<\/a><\/h3>\n\t\t\t\t\t<\/div>\n\n\t\t\n\t\t\t\t<div class=\"wd-product-cats\">\n\t\t\t<a href=\"https:\/\/deco4.net\/fr\/categorie-produit\/https-deco4-net-product-category-mouldings\/corniche\/\" rel=\"tag\">corniches<\/a>\t\t<\/div>\n\t\t\n\t\t\n\t\t<div class=\"wrap-price\">\n\t\t\t\n\t<span class=\"price\"><span class=\"woocommerce-Price-amount amount\"><bdi><span class=\"woocommerce-Price-currencySymbol\">DA<\/span>&nbsp;1.100,00<\/bdi><\/span><span class=\"wd-price-unit\">baguette<\/span><\/span>\n\n\t\t\t\t\t<\/div>\n\n\t\t\n\t\t\n\t\t\n\t\t\n\t\t<div class=\"wd-product-footer\">\n\t\t\t<div class=\"wd-add-btn wd-add-btn-replace\">\n\t\t\t\t<a href=\"\/fr\/wp-json\/wp\/v2\/pages\/7898?add-to-cart=9289\" aria-describedby=\"woocommerce_loop_add_to_cart_link_describedby_9289\" data-quantity=\"1\" class=\"button product_type_simple add_to_cart_button ajax_add_to_cart add-to-cart-loop\" data-product_id=\"9289\" data-product_sku=\"\" aria-label=\"Ajouter au panier\u00a0: \u201cCORNICHE-301-1\u201d\" rel=\"nofollow\" data-success_message=\"\u00ab\u00a0CORNICHE-301-1\u00a0\u00bb a \u00e9t\u00e9 ajout\u00e9 \u00e0 votre panier\" role=\"button\" data-no-translation-aria-label=\"\" data-no-translation-data-success_message=\"\"><span data-no-translation=\"\" data-trp-gettext=\"\">Ajouter au panier<\/span><\/a>\t<span id=\"woocommerce_loop_add_to_cart_link_describedby_9289\" class=\"screen-reader-text\">\n\t\t\t<\/span>\n\t\t\t<\/div>\n\n\t\t\t\t\t\t<div class=\"wd-action-buttons\">\n\t\t\t\t\t\t<div class=\"wd-compare-btn product-compare-button wd-action-btn wd-style-icon wd-compare-icon wd-tooltip\">\n\t\t\t<a href=\"https:\/\/deco4.net\/fr\/compare\/\" data-id=\"9289\" rel=\"nofollow\" data-added-text=\"Compare products\">\n\t\t\t\t<span>Add to compare<\/span>\n\t\t\t<\/a>\n\t\t<\/div>\n\t\t\t\t\t\t\t\t<div class=\"quick-view wd-action-btn wd-style-icon wd-quick-view-icon wd-tooltip\">\n\t\t\t<a\n\t\t\t\thref=\"https:\/\/deco4.net\/fr\/shop\/https-deco4-net-product-category-mouldings\/corniche\/corniche-301-1\/\"\n\t\t\t\tclass=\"open-quick-view quick-view-button\"\n\t\t\t\trel=\"nofollow\"\n\t\t\t\tdata-id=\"9289\"\n\t\t\t\t>Quick view<\/a>\n\t\t<\/div>\n\t\t\t\t\t<\/div>\n\t\t\t\t\t<\/div>\n\t<\/div>\n<\/div>\n<\/div>\n\t\t\t<\/div>\n\t\t\t<\/div><\/div><\/div><\/div><\/div>\n<\/div>","protected":false},"excerpt":{"rendered":"","protected":false},"author":1,"featured_media":0,"parent":0,"menu_order":0,"comment_status":"closed","ping_status":"closed","template":"","meta":{"footnotes":"","_wp_rev_ctl_limit":""},"class_list":["post-7898","page","type-page","status-publish","hentry"],"yoast_head":"<!-- This site is optimized with the Yoast SEO plugin v27.4 - https:\/\/yoast.com\/product\/yoast-seo-wordpress\/ -->\n<title>CORNICHE - deco4<\/title>\n<meta name=\"robots\" content=\"index, follow, max-snippet:-1, max-image-preview:large, max-video-preview:-1\" \/>\n<link rel=\"canonical\" href=\"https:\/\/deco4.net\/fr\/corniche\/\" \/>\n<meta property=\"og:locale\" content=\"fr_FR\" \/>\n<meta property=\"og:type\" content=\"article\" \/>\n<meta property=\"og:title\" content=\"CORNICHE - deco4\" \/>\n<meta property=\"og:url\" content=\"https:\/\/deco4.net\/fr\/corniche\/\" \/>\n<meta property=\"og:site_name\" content=\"deco4\" \/>\n<meta property=\"article:modified_time\" content=\"2022-11-07T08:36:44+00:00\" \/>\n<meta name=\"twitter:card\" content=\"summary_large_image\" \/>\n<script type=\"application\/ld+json\" class=\"yoast-schema-graph\">{\"@context\":\"https:\\\/\\\/schema.org\",\"@graph\":[{\"@type\":\"WebPage\",\"@id\":\"https:\\\/\\\/deco4.net\\\/corniche\\\/\",\"url\":\"https:\\\/\\\/deco4.net\\\/corniche\\\/\",\"name\":\"CORNICHE - deco4\",\"isPartOf\":{\"@id\":\"https:\\\/\\\/deco4.net\\\/ar\\\/#website\"},\"datePublished\":\"2022-11-06T16:23:37+00:00\",\"dateModified\":\"2022-11-07T08:36:44+00:00\",\"breadcrumb\":{\"@id\":\"https:\\\/\\\/deco4.net\\\/corniche\\\/#breadcrumb\"},\"inLanguage\":\"fr-FR\",\"potentialAction\":[{\"@type\":\"ReadAction\",\"target\":[\"https:\\\/\\\/deco4.net\\\/corniche\\\/\"]}]},{\"@type\":\"BreadcrumbList\",\"@id\":\"https:\\\/\\\/deco4.net\\\/corniche\\\/#breadcrumb\",\"itemListElement\":[{\"@type\":\"ListItem\",\"position\":1,\"name\":\"Home\",\"item\":\"https:\\\/\\\/deco4.net\\\/\"},{\"@type\":\"ListItem\",\"position\":2,\"name\":\"CORNICHE\"}]},{\"@type\":\"WebSite\",\"@id\":\"https:\\\/\\\/deco4.net\\\/ar\\\/#website\",\"url\":\"https:\\\/\\\/deco4.net\\\/ar\\\/\",\"name\":\"deco4\",\"description\":\"D\u00e9coration Murale\",\"potentialAction\":[{\"@type\":\"SearchAction\",\"target\":{\"@type\":\"EntryPoint\",\"urlTemplate\":\"https:\\\/\\\/deco4.net\\\/ar\\\/?s={search_term_string}\"},\"query-input\":{\"@type\":\"PropertyValueSpecification\",\"valueRequired\":true,\"valueName\":\"search_term_string\"}}],\"inLanguage\":\"fr-FR\"}]}<\/script>\n<!-- \/ Yoast SEO plugin. -->","yoast_head_json":{"title":"CORNICHE - deco4","robots":{"index":"index","follow":"follow","max-snippet":"max-snippet:-1","max-image-preview":"max-image-preview:large","max-video-preview":"max-video-preview:-1"},"canonical":"https:\/\/deco4.net\/fr\/corniche\/","og_locale":"fr_FR","og_type":"article","og_title":"CORNICHE - deco4","og_url":"https:\/\/deco4.net\/fr\/corniche\/","og_site_name":"deco4","article_modified_time":"2022-11-07T08:36:44+00:00","twitter_card":"summary_large_image","schema":{"@context":"https:\/\/schema.org","@graph":[{"@type":"WebPage","@id":"https:\/\/deco4.net\/corniche\/","url":"https:\/\/deco4.net\/corniche\/","name":"CORNICHE - deco4","isPartOf":{"@id":"https:\/\/deco4.net\/ar\/#website"},"datePublished":"2022-11-06T16:23:37+00:00","dateModified":"2022-11-07T08:36:44+00:00","breadcrumb":{"@id":"https:\/\/deco4.net\/corniche\/#breadcrumb"},"inLanguage":"fr-FR","potentialAction":[{"@type":"ReadAction","target":["https:\/\/deco4.net\/corniche\/"]}]},{"@type":"BreadcrumbList","@id":"https:\/\/deco4.net\/corniche\/#breadcrumb","itemListElement":[{"@type":"ListItem","position":1,"name":"Home","item":"https:\/\/deco4.net\/"},{"@type":"ListItem","position":2,"name":"CORNICHE"}]},{"@type":"WebSite","@id":"https:\/\/deco4.net\/ar\/#website","url":"https:\/\/deco4.net\/ar\/","name":"deco4","description":"D\u00e9coration Murale","potentialAction":[{"@type":"SearchAction","target":{"@type":"EntryPoint","urlTemplate":"https:\/\/deco4.net\/ar\/?s={search_term_string}"},"query-input":{"@type":"PropertyValueSpecification","valueRequired":true,"valueName":"search_term_string"}}],"inLanguage":"fr-FR"}]}},"_links":{"self":[{"href":"https:\/\/deco4.net\/fr\/wp-json\/wp\/v2\/pages\/7898","targetHints":{"allow":["GET"]}}],"collection":[{"href":"https:\/\/deco4.net\/fr\/wp-json\/wp\/v2\/pages"}],"about":[{"href":"https:\/\/deco4.net\/fr\/wp-json\/wp\/v2\/types\/page"}],"author":[{"embeddable":true,"href":"https:\/\/deco4.net\/fr\/wp-json\/wp\/v2\/users\/1"}],"replies":[{"embeddable":true,"href":"https:\/\/deco4.net\/fr\/wp-json\/wp\/v2\/comments?post=7898"}],"version-history":[{"count":4,"href":"https:\/\/deco4.net\/fr\/wp-json\/wp\/v2\/pages\/7898\/revisions"}],"predecessor-version":[{"id":7929,"href":"https:\/\/deco4.net\/fr\/wp-json\/wp\/v2\/pages\/7898\/revisions\/7929"}],"wp:attachment":[{"href":"https:\/\/deco4.net\/fr\/wp-json\/wp\/v2\/media?parent=7898"}],"curies":[{"name":"wp","href":"https:\/\/api.w.org\/{rel}","templated":true}]}}