{"id":8254,"date":"2023-02-09T09:35:03","date_gmt":"2023-02-09T09:35:03","guid":{"rendered":"https:\/\/deco4.net\/new\/?post_type=product&#038;p=8254"},"modified":"2025-10-21T10:06:23","modified_gmt":"2025-10-21T10:06:23","slug":"cimaise-208-1","status":"publish","type":"product","link":"https:\/\/deco4.net\/ar\/shop\/https-deco4-net-product-category-mouldings\/cimaise\/cimaise-208-1\/","title":{"rendered":"\u0633\u064a\u0645\u0627\u0632-208-1"},"content":{"rendered":"","protected":false},"excerpt":{"rendered":"<p><strong>Dimensions : 7 cm \u00d7 1,3 cm \u00d7 2,9 cm\u00a0<\/strong><\/p>\n<p><span dir=\"auto\" style=\"vertical-align: inherit;\"><span dir=\"auto\" style=\"vertical-align: inherit;\"><span dir=\"auto\" style=\"vertical-align: inherit;\"><span dir=\"auto\" style=\"vertical-align: inherit;\">S\u00e9paration murale en d\u00e9copolym\u00e8re, tr\u00e8s r\u00e9sistante aux chocs et \u00e0 l&#8217;eau, et tr\u00e8s facile \u00e0 poser. Elles mettront en valeur vos murs. Cette s\u00e9paration peut \u00eatre utilis\u00e9e comme\u00a0 <\/span><\/span><\/span><\/span><a href=\"https:\/\/deco4.net\/ar\/utilisation\/chambranle\/\"><span dir=\"auto\" style=\"vertical-align: inherit;\"><span dir=\"auto\" style=\"vertical-align: inherit;\"><span dir=\"auto\" style=\"vertical-align: inherit;\"><span dir=\"auto\" style=\"vertical-align: inherit;\">Chambranle<\/span><\/span><\/span><\/span><\/a><span dir=\"auto\" style=\"vertical-align: inherit;\"><span dir=\"auto\" style=\"vertical-align: inherit;\"><span dir=\"auto\" style=\"vertical-align: inherit;\"><span dir=\"auto\" style=\"vertical-align: inherit;\"> ,\u00a0 <\/span><\/span><\/span><\/span><a href=\"https:\/\/deco4.net\/ar\/utilisation\/chapeau\/\"><span dir=\"auto\" style=\"vertical-align: inherit;\"><span dir=\"auto\" style=\"vertical-align: inherit;\"><span dir=\"auto\" style=\"vertical-align: inherit;\"><span dir=\"auto\" style=\"vertical-align: inherit;\">chapeau<\/span><\/span><\/span><\/span><\/a><span dir=\"auto\" style=\"vertical-align: inherit;\"><span dir=\"auto\" style=\"vertical-align: inherit;\"><span dir=\"auto\" style=\"vertical-align: inherit;\"><span dir=\"auto\" style=\"vertical-align: inherit;\"> \u00a0et\u00a0 <\/span><\/span><\/span><\/span><a href=\"https:\/\/deco4.net\/ar\/utilisation\/cimaise\/\"><span dir=\"auto\" style=\"vertical-align: inherit;\"><span dir=\"auto\" style=\"vertical-align: inherit;\"><span dir=\"auto\" style=\"vertical-align: inherit;\"><span dir=\"auto\" style=\"vertical-align: inherit;\">\u0633\u064a\u0645\u0627\u0632<\/span><\/span><\/span><\/span><\/a><span dir=\"auto\" style=\"vertical-align: inherit;\"><span dir=\"auto\" style=\"vertical-align: inherit;\"><span dir=\"auto\" style=\"vertical-align: inherit;\"><span dir=\"auto\" style=\"vertical-align: inherit;\"> .<\/span><\/span><\/span><\/span><\/p>\n<div class=\"pro-btn\">\n<h3><span dir=\"auto\" style=\"vertical-align: inherit;\"><span dir=\"auto\" style=\"vertical-align: inherit;\"><span dir=\"auto\" style=\"vertical-align: inherit;\"><span dir=\"auto\" style=\"vertical-align: inherit;\">T\u00e9l\u00e9charger la version:<\/span><\/span><\/span><\/span><\/h3>\n<ul>\n<li><a href=\"https:\/\/deco4.net\/sketchup\/Cimaise 208-1.skp\" target=\"_blank\" rel=\"noopener noreferrer\"><i class=\"fas fa-file-pdf\"><\/i><span dir=\"auto\" style=\"vertical-align: inherit;\"><span dir=\"auto\" style=\"vertical-align: inherit;\"><span dir=\"auto\" style=\"vertical-align: inherit;\"><span dir=\"auto\" style=\"vertical-align: inherit;\">Sketchup<\/span><\/span><\/span><\/span><\/a><\/li>\n<li><a href=\"https:\/\/deco4.net\/wp-content\/uploads\/2024\/02\/AB-018-1-MAX.zip\" target=\"_blank\" rel=\"noopener noreferrer\"><i class=\"fas fa-file-pdf\"><\/i><span dir=\"auto\" style=\"vertical-align: inherit;\"><span dir=\"auto\" style=\"vertical-align: inherit;\"><span dir=\"auto\" style=\"vertical-align: inherit;\"><span dir=\"auto\" style=\"vertical-align: inherit;\">3D sMax<\/span><\/span><\/span><\/span><\/a><\/li>\n<li><a href=\"http:\/\/deco4.net\/ar\/download\/CIMAISE-208-1.dxf\/\" target=\"_blank\" rel=\"noopener noreferrer\"><i class=\"fas fa-file-pdf\"><\/i><span dir=\"auto\" style=\"vertical-align: inherit;\"><span dir=\"auto\" style=\"vertical-align: inherit;\"><span dir=\"auto\" style=\"vertical-align: inherit;\"><span dir=\"auto\" style=\"vertical-align: inherit;\">Autocad<\/span><\/span><\/span><\/span><\/a><\/li>\n<\/ul>\n<\/div>","protected":false},"featured_media":10035,"comment_status":"open","ping_status":"closed","template":"","meta":[],"product_brand":[],"product_cat":[72,75,73],"product_tag":[],"class_list":{"0":"post-8254","1":"product","2":"type-product","3":"status-publish","4":"has-post-thumbnail","6":"product_cat-all-product","7":"product_cat-cimaise","8":"product_cat-https-deco4-net-product-category-mouldings","10":"first","11":"instock","12":"shipping-taxable","13":"purchasable","14":"product-type-simple"},"yoast_head":"<!-- This site is optimized with the Yoast SEO plugin v26.1.1 - https:\/\/yoast.com\/wordpress\/plugins\/seo\/ -->\n<title>CIMAISE-208-1 - deco4<\/title>\n<meta name=\"robots\" content=\"index, follow, max-snippet:-1, max-image-preview:large, max-video-preview:-1\" \/>\n<link rel=\"canonical\" href=\"https:\/\/deco4.net\/ar\/shop\/https-deco4-net-product-category-mouldings\/cimaise\/cimaise-208-1\/\" \/>\n<meta property=\"og:locale\" content=\"ar_AR\" \/>\n<meta property=\"og:type\" content=\"article\" \/>\n<meta property=\"og:title\" content=\"CIMAISE-208-1 - deco4\" \/>\n<meta property=\"og:description\" content=\"Dimensions : 7 cm \u00d7 1,3 cm \u00d7 2,9 cm\u00a0  S\u00e9paration murale en d\u00e9copolym\u00e8re, tr\u00e8s r\u00e9sistante aux chocs et \u00e0 l&#039;eau, et tr\u00e8s facile \u00e0 poser. Elles mettront en valeur vos murs. Cette s\u00e9paration peut \u00eatre utilis\u00e9e comme\u00a0 Chambranle ,\u00a0 chapeau \u00a0et\u00a0 cimaise .  T\u00e9l\u00e9charger la version:   Sketchup  3D sMax  Autocad\" \/>\n<meta property=\"og:url\" content=\"https:\/\/deco4.net\/ar\/shop\/https-deco4-net-product-category-mouldings\/cimaise\/cimaise-208-1\/\" \/>\n<meta property=\"og:site_name\" content=\"deco4\" \/>\n<meta property=\"article:modified_time\" content=\"2025-10-21T10:06:23+00:00\" \/>\n<meta property=\"og:image\" content=\"https:\/\/deco4.net\/wp-content\/uploads\/2023\/02\/208-3-Camera-2-1.png\" \/>\n\t<meta property=\"og:image:width\" content=\"880\" \/>\n\t<meta property=\"og:image:height\" content=\"538\" \/>\n\t<meta property=\"og:image:type\" content=\"image\/png\" \/>\n<meta name=\"twitter:card\" content=\"summary_large_image\" \/>\n<meta name=\"twitter:label1\" content=\"\u0648\u0642\u062a \u0627\u0644\u0642\u0631\u0627\u0621\u0629 \u0627\u0644\u0645\u064f\u0642\u062f\u0651\u0631\" \/>\n\t<meta name=\"twitter:data1\" content=\"\u062f\u0642\u064a\u0642\u0629 \u0648\u0627\u062d\u062f\u0629\" \/>\n<script type=\"application\/ld+json\" class=\"yoast-schema-graph\">{\"@context\":\"https:\/\/schema.org\",\"@graph\":[{\"@type\":\"WebPage\",\"@id\":\"https:\/\/deco4.net\/shop\/https-deco4-net-product-category-mouldings\/cimaise\/cimaise-208-1\/\",\"url\":\"https:\/\/deco4.net\/shop\/https-deco4-net-product-category-mouldings\/cimaise\/cimaise-208-1\/\",\"name\":\"CIMAISE-208-1 - deco4\",\"isPartOf\":{\"@id\":\"https:\/\/deco4.net\/ar\/#website\"},\"primaryImageOfPage\":{\"@id\":\"https:\/\/deco4.net\/shop\/https-deco4-net-product-category-mouldings\/cimaise\/cimaise-208-1\/#primaryimage\"},\"image\":{\"@id\":\"https:\/\/deco4.net\/shop\/https-deco4-net-product-category-mouldings\/cimaise\/cimaise-208-1\/#primaryimage\"},\"thumbnailUrl\":\"https:\/\/deco4.net\/wp-content\/uploads\/2023\/02\/208-3-Camera-2-1.png\",\"datePublished\":\"2023-02-09T09:35:03+00:00\",\"dateModified\":\"2025-10-21T10:06:23+00:00\",\"breadcrumb\":{\"@id\":\"https:\/\/deco4.net\/shop\/https-deco4-net-product-category-mouldings\/cimaise\/cimaise-208-1\/#breadcrumb\"},\"inLanguage\":\"ar\",\"potentialAction\":[{\"@type\":\"ReadAction\",\"target\":[\"https:\/\/deco4.net\/shop\/https-deco4-net-product-category-mouldings\/cimaise\/cimaise-208-1\/\"]}]},{\"@type\":\"ImageObject\",\"inLanguage\":\"ar\",\"@id\":\"https:\/\/deco4.net\/shop\/https-deco4-net-product-category-mouldings\/cimaise\/cimaise-208-1\/#primaryimage\",\"url\":\"https:\/\/deco4.net\/wp-content\/uploads\/2023\/02\/208-3-Camera-2-1.png\",\"contentUrl\":\"https:\/\/deco4.net\/wp-content\/uploads\/2023\/02\/208-3-Camera-2-1.png\",\"width\":880,\"height\":538},{\"@type\":\"BreadcrumbList\",\"@id\":\"https:\/\/deco4.net\/shop\/https-deco4-net-product-category-mouldings\/cimaise\/cimaise-208-1\/#breadcrumb\",\"itemListElement\":[{\"@type\":\"ListItem\",\"position\":1,\"name\":\"Home\",\"item\":\"https:\/\/deco4.net\/\"},{\"@type\":\"ListItem\",\"position\":2,\"name\":\"Shop\",\"item\":\"https:\/\/deco4.net\/ar\/shop\/\"},{\"@type\":\"ListItem\",\"position\":3,\"name\":\"CIMAISE-208-1\"}]},{\"@type\":\"WebSite\",\"@id\":\"https:\/\/deco4.net\/ar\/#website\",\"url\":\"https:\/\/deco4.net\/ar\/\",\"name\":\"deco4\",\"description\":\"D\u00e9coration Murale\",\"potentialAction\":[{\"@type\":\"SearchAction\",\"target\":{\"@type\":\"EntryPoint\",\"urlTemplate\":\"https:\/\/deco4.net\/ar\/?s={search_term_string}\"},\"query-input\":{\"@type\":\"PropertyValueSpecification\",\"valueRequired\":true,\"valueName\":\"search_term_string\"}}],\"inLanguage\":\"ar\"}]}<\/script>\n<!-- \/ Yoast SEO plugin. -->","yoast_head_json":{"title":"CIMAISE-208-1 - deco4","robots":{"index":"index","follow":"follow","max-snippet":"max-snippet:-1","max-image-preview":"max-image-preview:large","max-video-preview":"max-video-preview:-1"},"canonical":"https:\/\/deco4.net\/ar\/shop\/https-deco4-net-product-category-mouldings\/cimaise\/cimaise-208-1\/","og_locale":"ar_AR","og_type":"article","og_title":"CIMAISE-208-1 - deco4","og_description":"Dimensions : 7 cm \u00d7 1,3 cm \u00d7 2,9 cm\u00a0  S\u00e9paration murale en d\u00e9copolym\u00e8re, tr\u00e8s r\u00e9sistante aux chocs et \u00e0 l'eau, et tr\u00e8s facile \u00e0 poser. Elles mettront en valeur vos murs. Cette s\u00e9paration peut \u00eatre utilis\u00e9e comme\u00a0 Chambranle ,\u00a0 chapeau \u00a0et\u00a0 cimaise .  T\u00e9l\u00e9charger la version:   Sketchup  3D sMax  Autocad","og_url":"https:\/\/deco4.net\/ar\/shop\/https-deco4-net-product-category-mouldings\/cimaise\/cimaise-208-1\/","og_site_name":"deco4","article_modified_time":"2025-10-21T10:06:23+00:00","og_image":[{"width":880,"height":538,"url":"https:\/\/deco4.net\/wp-content\/uploads\/2023\/02\/208-3-Camera-2-1.png","type":"image\/png"}],"twitter_card":"summary_large_image","twitter_misc":{"\u0648\u0642\u062a \u0627\u0644\u0642\u0631\u0627\u0621\u0629 \u0627\u0644\u0645\u064f\u0642\u062f\u0651\u0631":"\u062f\u0642\u064a\u0642\u0629 \u0648\u0627\u062d\u062f\u0629"},"schema":{"@context":"https:\/\/schema.org","@graph":[{"@type":"WebPage","@id":"https:\/\/deco4.net\/shop\/https-deco4-net-product-category-mouldings\/cimaise\/cimaise-208-1\/","url":"https:\/\/deco4.net\/shop\/https-deco4-net-product-category-mouldings\/cimaise\/cimaise-208-1\/","name":"CIMAISE-208-1 - deco4","isPartOf":{"@id":"https:\/\/deco4.net\/ar\/#website"},"primaryImageOfPage":{"@id":"https:\/\/deco4.net\/shop\/https-deco4-net-product-category-mouldings\/cimaise\/cimaise-208-1\/#primaryimage"},"image":{"@id":"https:\/\/deco4.net\/shop\/https-deco4-net-product-category-mouldings\/cimaise\/cimaise-208-1\/#primaryimage"},"thumbnailUrl":"https:\/\/deco4.net\/wp-content\/uploads\/2023\/02\/208-3-Camera-2-1.png","datePublished":"2023-02-09T09:35:03+00:00","dateModified":"2025-10-21T10:06:23+00:00","breadcrumb":{"@id":"https:\/\/deco4.net\/shop\/https-deco4-net-product-category-mouldings\/cimaise\/cimaise-208-1\/#breadcrumb"},"inLanguage":"ar","potentialAction":[{"@type":"ReadAction","target":["https:\/\/deco4.net\/shop\/https-deco4-net-product-category-mouldings\/cimaise\/cimaise-208-1\/"]}]},{"@type":"ImageObject","inLanguage":"ar","@id":"https:\/\/deco4.net\/shop\/https-deco4-net-product-category-mouldings\/cimaise\/cimaise-208-1\/#primaryimage","url":"https:\/\/deco4.net\/wp-content\/uploads\/2023\/02\/208-3-Camera-2-1.png","contentUrl":"https:\/\/deco4.net\/wp-content\/uploads\/2023\/02\/208-3-Camera-2-1.png","width":880,"height":538},{"@type":"BreadcrumbList","@id":"https:\/\/deco4.net\/shop\/https-deco4-net-product-category-mouldings\/cimaise\/cimaise-208-1\/#breadcrumb","itemListElement":[{"@type":"ListItem","position":1,"name":"Home","item":"https:\/\/deco4.net\/"},{"@type":"ListItem","position":2,"name":"Shop","item":"https:\/\/deco4.net\/ar\/shop\/"},{"@type":"ListItem","position":3,"name":"CIMAISE-208-1"}]},{"@type":"WebSite","@id":"https:\/\/deco4.net\/ar\/#website","url":"https:\/\/deco4.net\/ar\/","name":"deco4","description":"D\u00e9coration Murale","potentialAction":[{"@type":"SearchAction","target":{"@type":"EntryPoint","urlTemplate":"https:\/\/deco4.net\/ar\/?s={search_term_string}"},"query-input":{"@type":"PropertyValueSpecification","valueRequired":true,"valueName":"search_term_string"}}],"inLanguage":"ar"}]}},"_links":{"self":[{"href":"https:\/\/deco4.net\/ar\/wp-json\/wp\/v2\/product\/8254","targetHints":{"allow":["GET"]}}],"collection":[{"href":"https:\/\/deco4.net\/ar\/wp-json\/wp\/v2\/product"}],"about":[{"href":"https:\/\/deco4.net\/ar\/wp-json\/wp\/v2\/types\/product"}],"replies":[{"embeddable":true,"href":"https:\/\/deco4.net\/ar\/wp-json\/wp\/v2\/comments?post=8254"}],"wp:featuredmedia":[{"embeddable":true,"href":"https:\/\/deco4.net\/ar\/wp-json\/wp\/v2\/media\/10035"}],"wp:attachment":[{"href":"https:\/\/deco4.net\/ar\/wp-json\/wp\/v2\/media?parent=8254"}],"wp:term":[{"taxonomy":"product_brand","embeddable":true,"href":"https:\/\/deco4.net\/ar\/wp-json\/wp\/v2\/product_brand?post=8254"},{"taxonomy":"product_cat","embeddable":true,"href":"https:\/\/deco4.net\/ar\/wp-json\/wp\/v2\/product_cat?post=8254"},{"taxonomy":"product_tag","embeddable":true,"href":"https:\/\/deco4.net\/ar\/wp-json\/wp\/v2\/product_tag?post=8254"}],"curies":[{"name":"wp","href":"https:\/\/api.w.org\/{rel}","templated":true}]}}