{"id":8192,"date":"2023-02-08T14:04:13","date_gmt":"2023-02-08T14:04:13","guid":{"rendered":"https:\/\/deco4.net\/new\/?post_type=product&#038;p=8192"},"modified":"2025-10-21T10:58:19","modified_gmt":"2025-10-21T10:58:19","slug":"plinthe-105-2","status":"publish","type":"product","link":"https:\/\/deco4.net\/ar\/shop\/https-deco4-net-product-category-mouldings\/plinthes-moulures\/plinthe-105-2\/","title":{"rendered":"\u0628\u0644\u0627\u0646\u062a -105-1"},"content":{"rendered":"","protected":false},"excerpt":{"rendered":"<p><strong>Dimensions : 10 cm \u00d7 1,5 cm \u00d7 2,9 cm<\/strong><\/p>\n<p><span dir=\"auto\" style=\"vertical-align: inherit;\"><span dir=\"auto\" style=\"vertical-align: inherit;\"><span dir=\"auto\" style=\"vertical-align: inherit;\"><span dir=\"auto\" style=\"vertical-align: inherit;\">Plinthe d\u00e9corative couleur noire mate, fabriqu\u00e9e en d\u00e9copolym\u00e8re, tr\u00e8s r\u00e9sistante aux chocs et \u00e0 l&#8217;eau, et tr\u00e8s facile \u00e0 poser, vous permet d&#8217;obtenir rapidement un r\u00e9sultat professionnel. Cette plinthe peut \u00eatre utilis\u00e9e comme cimaise, chambranle, chapeau, plinthe, s\u00e9paration. Convient \u00e0 n&#8217;importe quelle pi\u00e8ce.<\/span><\/span><\/span><\/span><\/p>\n<div class=\"pro-btn\">\n<h3><span dir=\"auto\" style=\"vertical-align: inherit;\"><span dir=\"auto\" style=\"vertical-align: inherit;\"><span dir=\"auto\" style=\"vertical-align: inherit;\"><span dir=\"auto\" style=\"vertical-align: inherit;\">T\u00e9l\u00e9charger la version:<\/span><\/span><\/span><\/span><\/h3>\n<ul>\n<li><a href=\"https:\/\/deco4.net\/sketchup\/plinthe\/Plinthe 105-1.skp\" target=\"_blank\" rel=\"noopener\"><i class=\"fas fa-file-pdf\"><\/i><span dir=\"auto\" style=\"vertical-align: inherit;\"><span dir=\"auto\" style=\"vertical-align: inherit;\"><span dir=\"auto\" style=\"vertical-align: inherit;\"><span dir=\"auto\" style=\"vertical-align: inherit;\">Sketchup<\/span><\/span><\/span><\/span><\/a><\/li>\n<li><a href=\"https:\/\/deco4.net\/wp-content\/uploads\/2024\/02\/DSK-9815-S-1-MAX.zip\" target=\"_blank\" rel=\"noopener noreferrer\"><i class=\"fas fa-file-pdf\"><\/i><span dir=\"auto\" style=\"vertical-align: inherit;\"><span dir=\"auto\" style=\"vertical-align: inherit;\"><span dir=\"auto\" style=\"vertical-align: inherit;\"><span dir=\"auto\" style=\"vertical-align: inherit;\">3D sMax<\/span><\/span><\/span><\/span><\/a><\/li>\n<li><a href=\"http:\/\/deco4.net\/ar\/download\/PLINTHE-105-2.dxf\/\" target=\"_blank\" rel=\"noopener noreferrer\"><i class=\"fas fa-file-pdf\"><\/i><span dir=\"auto\" style=\"vertical-align: inherit;\"><span dir=\"auto\" style=\"vertical-align: inherit;\"><span dir=\"auto\" style=\"vertical-align: inherit;\"><span dir=\"auto\" style=\"vertical-align: inherit;\">Autocad<\/span><\/span><\/span><\/span><\/a><\/li>\n<\/ul>\n<\/div>","protected":false},"featured_media":10043,"comment_status":"open","ping_status":"closed","template":"","meta":[],"product_brand":[],"product_cat":[72,73,74],"product_tag":[],"class_list":{"0":"post-8192","1":"product","2":"type-product","3":"status-publish","4":"has-post-thumbnail","6":"product_cat-all-product","7":"product_cat-https-deco4-net-product-category-mouldings","8":"product_cat-plinthes-moulures","10":"first","11":"instock","12":"shipping-taxable","13":"purchasable","14":"product-type-simple"},"yoast_head":"<!-- This site is optimized with the Yoast SEO plugin v27.4 - https:\/\/yoast.com\/product\/yoast-seo-wordpress\/ -->\n<title>PLINTHE-105-1 - deco4<\/title>\n<meta name=\"robots\" content=\"index, follow, max-snippet:-1, max-image-preview:large, max-video-preview:-1\" \/>\n<link rel=\"canonical\" href=\"https:\/\/deco4.net\/ar\/shop\/https-deco4-net-product-category-mouldings\/plinthes-moulures\/plinthe-105-2\/\" \/>\n<meta property=\"og:locale\" content=\"ar_AR\" \/>\n<meta property=\"og:type\" content=\"article\" \/>\n<meta property=\"og:title\" content=\"PLINTHE-105-1 - deco4\" \/>\n<meta property=\"og:description\" content=\"Dimensions : 10 cm \u00d7 1,5 cm \u00d7 2,9 cm  Plinthe d\u00e9corative couleur noire mate, fabriqu\u00e9e en d\u00e9copolym\u00e8re, tr\u00e8s r\u00e9sistante aux chocs et \u00e0 l&#039;eau, et tr\u00e8s facile \u00e0 poser, vous permet d&#039;obtenir rapidement un r\u00e9sultat professionnel. Cette plinthe peut \u00eatre utilis\u00e9e comme cimaise, chambranle, chapeau, plinthe, s\u00e9paration. Convient \u00e0 n&#039;importe quelle pi\u00e8ce.  T\u00e9l\u00e9charger la version:   Sketchup  3D sMax  Autocad\" \/>\n<meta property=\"og:url\" content=\"https:\/\/deco4.net\/ar\/shop\/https-deco4-net-product-category-mouldings\/plinthes-moulures\/plinthe-105-2\/\" \/>\n<meta property=\"og:site_name\" content=\"deco4\" \/>\n<meta property=\"article:modified_time\" content=\"2025-10-21T10:58:19+00:00\" \/>\n<meta property=\"og:image\" content=\"https:\/\/deco4.net\/wp-content\/uploads\/2023\/02\/105.png\" \/>\n\t<meta property=\"og:image:width\" content=\"1121\" \/>\n\t<meta property=\"og:image:height\" content=\"770\" \/>\n\t<meta property=\"og:image:type\" content=\"image\/png\" \/>\n<meta name=\"twitter:card\" content=\"summary_large_image\" \/>\n<meta name=\"twitter:label1\" content=\"\u0648\u0642\u062a \u0627\u0644\u0642\u0631\u0627\u0621\u0629 \u0627\u0644\u0645\u064f\u0642\u062f\u0651\u0631\" \/>\n\t<meta name=\"twitter:data1\" content=\"\u062f\u0642\u064a\u0642\u0629 \u0648\u0627\u062d\u062f\u0629\" \/>\n<script type=\"application\/ld+json\" class=\"yoast-schema-graph\">{\"@context\":\"https:\\\/\\\/schema.org\",\"@graph\":[{\"@type\":\"WebPage\",\"@id\":\"https:\\\/\\\/deco4.net\\\/shop\\\/https-deco4-net-product-category-mouldings\\\/plinthes-moulures\\\/plinthe-105-2\\\/\",\"url\":\"https:\\\/\\\/deco4.net\\\/shop\\\/https-deco4-net-product-category-mouldings\\\/plinthes-moulures\\\/plinthe-105-2\\\/\",\"name\":\"PLINTHE-105-1 - deco4\",\"isPartOf\":{\"@id\":\"https:\\\/\\\/deco4.net\\\/ar\\\/#website\"},\"primaryImageOfPage\":{\"@id\":\"https:\\\/\\\/deco4.net\\\/shop\\\/https-deco4-net-product-category-mouldings\\\/plinthes-moulures\\\/plinthe-105-2\\\/#primaryimage\"},\"image\":{\"@id\":\"https:\\\/\\\/deco4.net\\\/shop\\\/https-deco4-net-product-category-mouldings\\\/plinthes-moulures\\\/plinthe-105-2\\\/#primaryimage\"},\"thumbnailUrl\":\"https:\\\/\\\/deco4.net\\\/wp-content\\\/uploads\\\/2023\\\/02\\\/105.png\",\"datePublished\":\"2023-02-08T14:04:13+00:00\",\"dateModified\":\"2025-10-21T10:58:19+00:00\",\"breadcrumb\":{\"@id\":\"https:\\\/\\\/deco4.net\\\/shop\\\/https-deco4-net-product-category-mouldings\\\/plinthes-moulures\\\/plinthe-105-2\\\/#breadcrumb\"},\"inLanguage\":\"ar\",\"potentialAction\":[{\"@type\":\"ReadAction\",\"target\":[\"https:\\\/\\\/deco4.net\\\/shop\\\/https-deco4-net-product-category-mouldings\\\/plinthes-moulures\\\/plinthe-105-2\\\/\"]}]},{\"@type\":\"ImageObject\",\"inLanguage\":\"ar\",\"@id\":\"https:\\\/\\\/deco4.net\\\/shop\\\/https-deco4-net-product-category-mouldings\\\/plinthes-moulures\\\/plinthe-105-2\\\/#primaryimage\",\"url\":\"https:\\\/\\\/deco4.net\\\/wp-content\\\/uploads\\\/2023\\\/02\\\/105.png\",\"contentUrl\":\"https:\\\/\\\/deco4.net\\\/wp-content\\\/uploads\\\/2023\\\/02\\\/105.png\",\"width\":1121,\"height\":770},{\"@type\":\"BreadcrumbList\",\"@id\":\"https:\\\/\\\/deco4.net\\\/shop\\\/https-deco4-net-product-category-mouldings\\\/plinthes-moulures\\\/plinthe-105-2\\\/#breadcrumb\",\"itemListElement\":[{\"@type\":\"ListItem\",\"position\":1,\"name\":\"Home\",\"item\":\"https:\\\/\\\/deco4.net\\\/\"},{\"@type\":\"ListItem\",\"position\":2,\"name\":\"Shop\",\"item\":\"https:\\\/\\\/deco4.net\\\/ar\\\/shop\\\/\"},{\"@type\":\"ListItem\",\"position\":3,\"name\":\"PLINTHE-105-1\"}]},{\"@type\":\"WebSite\",\"@id\":\"https:\\\/\\\/deco4.net\\\/ar\\\/#website\",\"url\":\"https:\\\/\\\/deco4.net\\\/ar\\\/\",\"name\":\"deco4\",\"description\":\"D\u00e9coration Murale\",\"potentialAction\":[{\"@type\":\"SearchAction\",\"target\":{\"@type\":\"EntryPoint\",\"urlTemplate\":\"https:\\\/\\\/deco4.net\\\/ar\\\/?s={search_term_string}\"},\"query-input\":{\"@type\":\"PropertyValueSpecification\",\"valueRequired\":true,\"valueName\":\"search_term_string\"}}],\"inLanguage\":\"ar\"}]}<\/script>\n<!-- \/ Yoast SEO plugin. -->","yoast_head_json":{"title":"PLINTHE-105-1 - deco4","robots":{"index":"index","follow":"follow","max-snippet":"max-snippet:-1","max-image-preview":"max-image-preview:large","max-video-preview":"max-video-preview:-1"},"canonical":"https:\/\/deco4.net\/ar\/shop\/https-deco4-net-product-category-mouldings\/plinthes-moulures\/plinthe-105-2\/","og_locale":"ar_AR","og_type":"article","og_title":"PLINTHE-105-1 - deco4","og_description":"Dimensions : 10 cm \u00d7 1,5 cm \u00d7 2,9 cm  Plinthe d\u00e9corative couleur noire mate, fabriqu\u00e9e en d\u00e9copolym\u00e8re, tr\u00e8s r\u00e9sistante aux chocs et \u00e0 l'eau, et tr\u00e8s facile \u00e0 poser, vous permet d'obtenir rapidement un r\u00e9sultat professionnel. Cette plinthe peut \u00eatre utilis\u00e9e comme cimaise, chambranle, chapeau, plinthe, s\u00e9paration. Convient \u00e0 n'importe quelle pi\u00e8ce.  T\u00e9l\u00e9charger la version:   Sketchup  3D sMax  Autocad","og_url":"https:\/\/deco4.net\/ar\/shop\/https-deco4-net-product-category-mouldings\/plinthes-moulures\/plinthe-105-2\/","og_site_name":"deco4","article_modified_time":"2025-10-21T10:58:19+00:00","og_image":[{"width":1121,"height":770,"url":"https:\/\/deco4.net\/wp-content\/uploads\/2023\/02\/105.png","type":"image\/png"}],"twitter_card":"summary_large_image","twitter_misc":{"\u0648\u0642\u062a \u0627\u0644\u0642\u0631\u0627\u0621\u0629 \u0627\u0644\u0645\u064f\u0642\u062f\u0651\u0631":"\u062f\u0642\u064a\u0642\u0629 \u0648\u0627\u062d\u062f\u0629"},"schema":{"@context":"https:\/\/schema.org","@graph":[{"@type":"WebPage","@id":"https:\/\/deco4.net\/shop\/https-deco4-net-product-category-mouldings\/plinthes-moulures\/plinthe-105-2\/","url":"https:\/\/deco4.net\/shop\/https-deco4-net-product-category-mouldings\/plinthes-moulures\/plinthe-105-2\/","name":"PLINTHE-105-1 - deco4","isPartOf":{"@id":"https:\/\/deco4.net\/ar\/#website"},"primaryImageOfPage":{"@id":"https:\/\/deco4.net\/shop\/https-deco4-net-product-category-mouldings\/plinthes-moulures\/plinthe-105-2\/#primaryimage"},"image":{"@id":"https:\/\/deco4.net\/shop\/https-deco4-net-product-category-mouldings\/plinthes-moulures\/plinthe-105-2\/#primaryimage"},"thumbnailUrl":"https:\/\/deco4.net\/wp-content\/uploads\/2023\/02\/105.png","datePublished":"2023-02-08T14:04:13+00:00","dateModified":"2025-10-21T10:58:19+00:00","breadcrumb":{"@id":"https:\/\/deco4.net\/shop\/https-deco4-net-product-category-mouldings\/plinthes-moulures\/plinthe-105-2\/#breadcrumb"},"inLanguage":"ar","potentialAction":[{"@type":"ReadAction","target":["https:\/\/deco4.net\/shop\/https-deco4-net-product-category-mouldings\/plinthes-moulures\/plinthe-105-2\/"]}]},{"@type":"ImageObject","inLanguage":"ar","@id":"https:\/\/deco4.net\/shop\/https-deco4-net-product-category-mouldings\/plinthes-moulures\/plinthe-105-2\/#primaryimage","url":"https:\/\/deco4.net\/wp-content\/uploads\/2023\/02\/105.png","contentUrl":"https:\/\/deco4.net\/wp-content\/uploads\/2023\/02\/105.png","width":1121,"height":770},{"@type":"BreadcrumbList","@id":"https:\/\/deco4.net\/shop\/https-deco4-net-product-category-mouldings\/plinthes-moulures\/plinthe-105-2\/#breadcrumb","itemListElement":[{"@type":"ListItem","position":1,"name":"Home","item":"https:\/\/deco4.net\/"},{"@type":"ListItem","position":2,"name":"Shop","item":"https:\/\/deco4.net\/ar\/shop\/"},{"@type":"ListItem","position":3,"name":"PLINTHE-105-1"}]},{"@type":"WebSite","@id":"https:\/\/deco4.net\/ar\/#website","url":"https:\/\/deco4.net\/ar\/","name":"deco4","description":"D\u00e9coration Murale","potentialAction":[{"@type":"SearchAction","target":{"@type":"EntryPoint","urlTemplate":"https:\/\/deco4.net\/ar\/?s={search_term_string}"},"query-input":{"@type":"PropertyValueSpecification","valueRequired":true,"valueName":"search_term_string"}}],"inLanguage":"ar"}]}},"_links":{"self":[{"href":"https:\/\/deco4.net\/ar\/wp-json\/wp\/v2\/product\/8192","targetHints":{"allow":["GET"]}}],"collection":[{"href":"https:\/\/deco4.net\/ar\/wp-json\/wp\/v2\/product"}],"about":[{"href":"https:\/\/deco4.net\/ar\/wp-json\/wp\/v2\/types\/product"}],"replies":[{"embeddable":true,"href":"https:\/\/deco4.net\/ar\/wp-json\/wp\/v2\/comments?post=8192"}],"wp:featuredmedia":[{"embeddable":true,"href":"https:\/\/deco4.net\/ar\/wp-json\/wp\/v2\/media\/10043"}],"wp:attachment":[{"href":"https:\/\/deco4.net\/ar\/wp-json\/wp\/v2\/media?parent=8192"}],"wp:term":[{"taxonomy":"product_brand","embeddable":true,"href":"https:\/\/deco4.net\/ar\/wp-json\/wp\/v2\/product_brand?post=8192"},{"taxonomy":"product_cat","embeddable":true,"href":"https:\/\/deco4.net\/ar\/wp-json\/wp\/v2\/product_cat?post=8192"},{"taxonomy":"product_tag","embeddable":true,"href":"https:\/\/deco4.net\/ar\/wp-json\/wp\/v2\/product_tag?post=8192"}],"curies":[{"name":"wp","href":"https:\/\/api.w.org\/{rel}","templated":true}]}}