{"id":7424,"date":"2022-09-11T09:58:23","date_gmt":"2022-09-11T09:58:23","guid":{"rendered":"https:\/\/deco4.net\/new\/?post_type=product&#038;p=7424"},"modified":"2023-05-21T07:44:36","modified_gmt":"2023-05-21T07:44:36","slug":"colle-papier-peint-premium","status":"publish","type":"product","link":"https:\/\/deco4.net\/ar\/shop\/https-deco4-net-product-category-mouldings\/plinthes\/colle-papier-peint-premium\/","title":{"rendered":"\u063a\u0631\u0627\u0621 \u0648\u0631\u0642 \u0627\u0644\u062c\u062f\u0631\u0627\u0646  \u0628\u0631\u064a\u0645\u064a\u0648\u0645"},"content":{"rendered":"<div class=\"wpb_text_column wpb_content_element vc_custom_1628421241141\">\n<div class=\"wpb_wrapper\">\n<div class=\"wpb_text_column wpb_content_element vc_custom_1628421241141\">\n<div class=\"wpb_wrapper\">\n<div class=\"bt-info-wrap\">\n<div class=\"bt-info\">\n<div class=\"bt-content\">\n<div class=\"wpb_column vc_column_container vc_col-sm-6\">\n<div class=\"vc_column-inner\">\n<h1 class=\"wpb_wrapper\"><span style=\"font-size: 16px;\">COMMENT PREPARER LA COLLE DECO4 :<\/span><\/h1>\n<\/div>\n<\/div>\n<\/div>\n<\/div>\n<\/div>\n<div class=\"vc_separator wpb_content_element vc_separator_align_center vc_sep_width_10 vc_sep_border_width_3 vc_sep_pos_align_center vc_separator_no_text\">\n<ul>\n<li style=\"list-style-type: none;\">\n<ul>\n<li>Verser de 3,5 \u00e0 4 Litres d\u2019eau froide dans un r\u00e9cipient.<\/li>\n<li>M\u00e9langer tout en ajoutant le contenu du sachet de colle.<\/li>\n<li>Laisser le m\u00e9lange reposer pendant 5min.<\/li>\n<li>M\u00e9langer encore une fois la colle avant de l\u2019utiliser<\/li>\n<\/ul>\n<\/li>\n<\/ul>\n<p>( Ne pas ajouter de la poudre de colle \u00e0 un m\u00e9lange pr\u00e9c\u00e9demment utilis\u00e9 ).<\/p>\n<\/div>\n<\/div>\n<\/div>\n<\/div>\n<\/div>","protected":false},"excerpt":{"rendered":"<h2><\/h2>\n<h2 class=\"wpb_wrapper\"><\/h2>\n<h3 class=\"wpb_wrapper\">DECO4, LA COLLE IDEALE POUR VOUS<\/h3>\n<p>La colle Deco4 premium, la colle id\u00e9ale pour votre papier peint !<\/p>\n<p>Avec ses composants innovants, cette colle jouit de caract\u00e9ristiques incomparables.<\/p>\n<ul>\n<li>COMPATIBLE AVEC TOUS LES PAPIERS PEINT<\/li>\n<li>ECONOMIQUE (125G COUVRE DE 15 A 20M\u00b2)<\/li>\n<li>FORTE GRACE A SA NOUVELLE FORMULE INNOVANTE<\/li>\n<li>RAPIDE (PREPARATION EN 5 MIN)<\/li>\n<\/ul>","protected":false},"featured_media":7454,"comment_status":"open","ping_status":"closed","template":"","meta":[],"product_brand":[],"product_cat":[22],"product_tag":[137],"class_list":{"0":"post-7424","1":"product","2":"type-product","3":"status-publish","4":"has-post-thumbnail","6":"product_cat-plinthes","7":"product_tag-plus-vendus","9":"first","10":"instock","11":"shipping-taxable","12":"purchasable","13":"product-type-simple"},"yoast_head":"<!-- This site is optimized with the Yoast SEO plugin v27.4 - https:\/\/yoast.com\/product\/yoast-seo-wordpress\/ -->\n<title>Colle papier peint Premium - deco4<\/title>\n<meta name=\"robots\" content=\"index, follow, max-snippet:-1, max-image-preview:large, max-video-preview:-1\" \/>\n<link rel=\"canonical\" href=\"https:\/\/deco4.net\/ar\/shop\/papier-peint\/colle-papier-peint\/colle-papier-peint-premium\/\" \/>\n<meta property=\"og:locale\" content=\"ar_AR\" \/>\n<meta property=\"og:type\" content=\"article\" \/>\n<meta property=\"og:title\" content=\"Colle papier peint Premium - deco4\" \/>\n<meta property=\"og:description\" content=\"DECO4, LA COLLE IDEALE POUR VOUS La colle Deco4 premium, la colle id\u00e9ale pour votre papier peint !  Avec ses composants innovants, cette colle jouit de caract\u00e9ristiques incomparables.   COMPATIBLE AVEC TOUS LES PAPIERS PEINT  ECONOMIQUE (125G COUVRE DE 15 A 20M\u00b2)  FORTE GRACE A SA NOUVELLE FORMULE INNOVANTE  RAPIDE (PREPARATION EN 5 MIN)\" \/>\n<meta property=\"og:url\" content=\"https:\/\/deco4.net\/ar\/shop\/papier-peint\/colle-papier-peint\/colle-papier-peint-premium\/\" \/>\n<meta property=\"og:site_name\" content=\"deco4\" \/>\n<meta property=\"article:modified_time\" content=\"2023-05-21T07:44:36+00:00\" \/>\n<meta property=\"og:image\" content=\"https:\/\/deco4.net\/wp-content\/uploads\/2022\/09\/Page-Colle-D4.png\" \/>\n\t<meta property=\"og:image:width\" content=\"300\" \/>\n\t<meta property=\"og:image:height\" content=\"301\" \/>\n\t<meta property=\"og:image:type\" content=\"image\/png\" \/>\n<meta name=\"twitter:card\" content=\"summary_large_image\" \/>\n<script type=\"application\/ld+json\" class=\"yoast-schema-graph\">{\"@context\":\"https:\\\/\\\/schema.org\",\"@graph\":[{\"@type\":\"WebPage\",\"@id\":\"https:\\\/\\\/deco4.net\\\/shop\\\/papier-peint\\\/colle-papier-peint\\\/colle-papier-peint-premium\\\/\",\"url\":\"https:\\\/\\\/deco4.net\\\/shop\\\/papier-peint\\\/colle-papier-peint\\\/colle-papier-peint-premium\\\/\",\"name\":\"Colle papier peint Premium - deco4\",\"isPartOf\":{\"@id\":\"https:\\\/\\\/deco4.net\\\/ar\\\/#website\"},\"primaryImageOfPage\":{\"@id\":\"https:\\\/\\\/deco4.net\\\/shop\\\/papier-peint\\\/colle-papier-peint\\\/colle-papier-peint-premium\\\/#primaryimage\"},\"image\":{\"@id\":\"https:\\\/\\\/deco4.net\\\/shop\\\/papier-peint\\\/colle-papier-peint\\\/colle-papier-peint-premium\\\/#primaryimage\"},\"thumbnailUrl\":\"https:\\\/\\\/deco4.net\\\/wp-content\\\/uploads\\\/2022\\\/09\\\/Page-Colle-D4.png\",\"datePublished\":\"2022-09-11T09:58:23+00:00\",\"dateModified\":\"2023-05-21T07:44:36+00:00\",\"breadcrumb\":{\"@id\":\"https:\\\/\\\/deco4.net\\\/shop\\\/papier-peint\\\/colle-papier-peint\\\/colle-papier-peint-premium\\\/#breadcrumb\"},\"inLanguage\":\"ar\",\"potentialAction\":[{\"@type\":\"ReadAction\",\"target\":[\"https:\\\/\\\/deco4.net\\\/shop\\\/papier-peint\\\/colle-papier-peint\\\/colle-papier-peint-premium\\\/\"]}]},{\"@type\":\"ImageObject\",\"inLanguage\":\"ar\",\"@id\":\"https:\\\/\\\/deco4.net\\\/shop\\\/papier-peint\\\/colle-papier-peint\\\/colle-papier-peint-premium\\\/#primaryimage\",\"url\":\"https:\\\/\\\/deco4.net\\\/wp-content\\\/uploads\\\/2022\\\/09\\\/Page-Colle-D4.png\",\"contentUrl\":\"https:\\\/\\\/deco4.net\\\/wp-content\\\/uploads\\\/2022\\\/09\\\/Page-Colle-D4.png\",\"width\":300,\"height\":301},{\"@type\":\"BreadcrumbList\",\"@id\":\"https:\\\/\\\/deco4.net\\\/shop\\\/papier-peint\\\/colle-papier-peint\\\/colle-papier-peint-premium\\\/#breadcrumb\",\"itemListElement\":[{\"@type\":\"ListItem\",\"position\":1,\"name\":\"Home\",\"item\":\"https:\\\/\\\/deco4.net\\\/\"},{\"@type\":\"ListItem\",\"position\":2,\"name\":\"Shop\",\"item\":\"https:\\\/\\\/deco4.net\\\/ar\\\/shop\\\/\"},{\"@type\":\"ListItem\",\"position\":3,\"name\":\"Colle papier peint Premium\"}]},{\"@type\":\"WebSite\",\"@id\":\"https:\\\/\\\/deco4.net\\\/ar\\\/#website\",\"url\":\"https:\\\/\\\/deco4.net\\\/ar\\\/\",\"name\":\"deco4\",\"description\":\"D\u00e9coration Murale\",\"potentialAction\":[{\"@type\":\"SearchAction\",\"target\":{\"@type\":\"EntryPoint\",\"urlTemplate\":\"https:\\\/\\\/deco4.net\\\/ar\\\/?s={search_term_string}\"},\"query-input\":{\"@type\":\"PropertyValueSpecification\",\"valueRequired\":true,\"valueName\":\"search_term_string\"}}],\"inLanguage\":\"ar\"}]}<\/script>\n<!-- \/ Yoast SEO plugin. -->","yoast_head_json":{"title":"Colle papier peint Premium - deco4","robots":{"index":"index","follow":"follow","max-snippet":"max-snippet:-1","max-image-preview":"max-image-preview:large","max-video-preview":"max-video-preview:-1"},"canonical":"https:\/\/deco4.net\/ar\/shop\/papier-peint\/colle-papier-peint\/colle-papier-peint-premium\/","og_locale":"ar_AR","og_type":"article","og_title":"Colle papier peint Premium - deco4","og_description":"DECO4, LA COLLE IDEALE POUR VOUS La colle Deco4 premium, la colle id\u00e9ale pour votre papier peint !  Avec ses composants innovants, cette colle jouit de caract\u00e9ristiques incomparables.   COMPATIBLE AVEC TOUS LES PAPIERS PEINT  ECONOMIQUE (125G COUVRE DE 15 A 20M\u00b2)  FORTE GRACE A SA NOUVELLE FORMULE INNOVANTE  RAPIDE (PREPARATION EN 5 MIN)","og_url":"https:\/\/deco4.net\/ar\/shop\/papier-peint\/colle-papier-peint\/colle-papier-peint-premium\/","og_site_name":"deco4","article_modified_time":"2023-05-21T07:44:36+00:00","og_image":[{"width":300,"height":301,"url":"https:\/\/deco4.net\/wp-content\/uploads\/2022\/09\/Page-Colle-D4.png","type":"image\/png"}],"twitter_card":"summary_large_image","schema":{"@context":"https:\/\/schema.org","@graph":[{"@type":"WebPage","@id":"https:\/\/deco4.net\/shop\/papier-peint\/colle-papier-peint\/colle-papier-peint-premium\/","url":"https:\/\/deco4.net\/shop\/papier-peint\/colle-papier-peint\/colle-papier-peint-premium\/","name":"Colle papier peint Premium - deco4","isPartOf":{"@id":"https:\/\/deco4.net\/ar\/#website"},"primaryImageOfPage":{"@id":"https:\/\/deco4.net\/shop\/papier-peint\/colle-papier-peint\/colle-papier-peint-premium\/#primaryimage"},"image":{"@id":"https:\/\/deco4.net\/shop\/papier-peint\/colle-papier-peint\/colle-papier-peint-premium\/#primaryimage"},"thumbnailUrl":"https:\/\/deco4.net\/wp-content\/uploads\/2022\/09\/Page-Colle-D4.png","datePublished":"2022-09-11T09:58:23+00:00","dateModified":"2023-05-21T07:44:36+00:00","breadcrumb":{"@id":"https:\/\/deco4.net\/shop\/papier-peint\/colle-papier-peint\/colle-papier-peint-premium\/#breadcrumb"},"inLanguage":"ar","potentialAction":[{"@type":"ReadAction","target":["https:\/\/deco4.net\/shop\/papier-peint\/colle-papier-peint\/colle-papier-peint-premium\/"]}]},{"@type":"ImageObject","inLanguage":"ar","@id":"https:\/\/deco4.net\/shop\/papier-peint\/colle-papier-peint\/colle-papier-peint-premium\/#primaryimage","url":"https:\/\/deco4.net\/wp-content\/uploads\/2022\/09\/Page-Colle-D4.png","contentUrl":"https:\/\/deco4.net\/wp-content\/uploads\/2022\/09\/Page-Colle-D4.png","width":300,"height":301},{"@type":"BreadcrumbList","@id":"https:\/\/deco4.net\/shop\/papier-peint\/colle-papier-peint\/colle-papier-peint-premium\/#breadcrumb","itemListElement":[{"@type":"ListItem","position":1,"name":"Home","item":"https:\/\/deco4.net\/"},{"@type":"ListItem","position":2,"name":"Shop","item":"https:\/\/deco4.net\/ar\/shop\/"},{"@type":"ListItem","position":3,"name":"Colle papier peint Premium"}]},{"@type":"WebSite","@id":"https:\/\/deco4.net\/ar\/#website","url":"https:\/\/deco4.net\/ar\/","name":"deco4","description":"D\u00e9coration Murale","potentialAction":[{"@type":"SearchAction","target":{"@type":"EntryPoint","urlTemplate":"https:\/\/deco4.net\/ar\/?s={search_term_string}"},"query-input":{"@type":"PropertyValueSpecification","valueRequired":true,"valueName":"search_term_string"}}],"inLanguage":"ar"}]}},"_links":{"self":[{"href":"https:\/\/deco4.net\/ar\/wp-json\/wp\/v2\/product\/7424","targetHints":{"allow":["GET"]}}],"collection":[{"href":"https:\/\/deco4.net\/ar\/wp-json\/wp\/v2\/product"}],"about":[{"href":"https:\/\/deco4.net\/ar\/wp-json\/wp\/v2\/types\/product"}],"replies":[{"embeddable":true,"href":"https:\/\/deco4.net\/ar\/wp-json\/wp\/v2\/comments?post=7424"}],"wp:featuredmedia":[{"embeddable":true,"href":"https:\/\/deco4.net\/ar\/wp-json\/wp\/v2\/media\/7454"}],"wp:attachment":[{"href":"https:\/\/deco4.net\/ar\/wp-json\/wp\/v2\/media?parent=7424"}],"wp:term":[{"taxonomy":"product_brand","embeddable":true,"href":"https:\/\/deco4.net\/ar\/wp-json\/wp\/v2\/product_brand?post=7424"},{"taxonomy":"product_cat","embeddable":true,"href":"https:\/\/deco4.net\/ar\/wp-json\/wp\/v2\/product_cat?post=7424"},{"taxonomy":"product_tag","embeddable":true,"href":"https:\/\/deco4.net\/ar\/wp-json\/wp\/v2\/product_tag?post=7424"}],"curies":[{"name":"wp","href":"https:\/\/api.w.org\/{rel}","templated":true}]}}