{"id":10197,"date":"2025-10-09T10:10:26","date_gmt":"2025-10-09T10:10:26","guid":{"rendered":"https:\/\/deco4.net\/?post_type=product&#038;p=10197"},"modified":"2026-04-27T08:32:57","modified_gmt":"2026-04-27T08:32:57","slug":"103-1","status":"publish","type":"product","link":"https:\/\/deco4.net\/ar\/shop\/https-deco4-net-product-category-mouldings\/plinthes\/103-1\/","title":{"rendered":"Plinthe 103-1"},"content":{"rendered":"","protected":false},"excerpt":{"rendered":"<h5><span dir=\"auto\" style=\"vertical-align: inherit;\"><span dir=\"auto\" style=\"vertical-align: inherit;\">Dimensions : 7,1 \u00d7 1,1 mm \/ 2,9 cm<\/span><\/span><\/h5>\n<p><span dir=\"auto\" style=\"vertical-align: inherit;\"><span dir=\"auto\" style=\"vertical-align: inherit;\">Le cache plinthe d\u00e9coratif en d\u00e9copolym\u00e8re, tr\u00e8s r\u00e9sistant aux chocs et \u00e0 l&#8217;eau, et d&#8217;une grande facilit\u00e9 de pose, vous permet d&#8217;obtenir rapidement un r\u00e9sultat propre et professionnel. <\/span><\/span><br \/>\n<span dir=\"auto\" style=\"vertical-align: inherit;\"><span dir=\"auto\" style=\"vertical-align: inherit;\">Id\u00e9al pour recouvrir les anciennes plinthes sans les d\u00e9monter. il assure une finition \u00e9l\u00e9gante et moderne qui convient parfaitement \u00e0 toutes les pi\u00e8ces.<\/span><\/span><\/p>\n<div class=\"pro-btn\">\n<h3><span dir=\"auto\" style=\"vertical-align: inherit;\"><span dir=\"auto\" style=\"vertical-align: inherit;\"><span dir=\"auto\" style=\"vertical-align: inherit;\"><span dir=\"auto\" style=\"vertical-align: inherit;\"><span dir=\"auto\" style=\"vertical-align: inherit;\"><span dir=\"auto\" style=\"vertical-align: inherit;\">T\u00e9l\u00e9charger la version :<\/span><\/span><\/span><\/span><\/span><\/span><\/h3>\n<ul>\n<li style=\"list-style-type: none\">\n<ul>\n<li><a href=\"https:\/\/deco4.net\/sketchup\/plinthe\/Plinthe 103-1.skp\" target=\"_blank\" rel=\"noopener\"><i class=\"fas fa-file-pdf\"><\/i><span dir=\"auto\" style=\"vertical-align: inherit;\"><span dir=\"auto\" style=\"vertical-align: inherit;\"><span dir=\"auto\" style=\"vertical-align: inherit;\"><span dir=\"auto\" style=\"vertical-align: inherit;\"><span dir=\"auto\" style=\"vertical-align: inherit;\"><span dir=\"auto\" style=\"vertical-align: inherit;\">SketchUp<\/span><\/span><\/span><\/span><\/span><\/span><\/a><\/li>\n<\/ul>\n<\/li>\n<\/ul>\n<\/div>","protected":false},"featured_media":10849,"comment_status":"open","ping_status":"closed","template":"","meta":[],"product_brand":[],"product_cat":[73,22],"product_tag":[],"class_list":{"0":"post-10197","1":"product","2":"type-product","3":"status-publish","4":"has-post-thumbnail","6":"product_cat-https-deco4-net-product-category-mouldings","7":"product_cat-plinthes","9":"first","10":"instock","11":"shipping-taxable","12":"purchasable","13":"product-type-simple"},"yoast_head":"<!-- This site is optimized with the Yoast SEO plugin v27.4 - https:\/\/yoast.com\/product\/yoast-seo-wordpress\/ -->\n<title>Plinthe 103-1 - deco4<\/title>\n<meta name=\"robots\" content=\"index, follow, max-snippet:-1, max-image-preview:large, max-video-preview:-1\" \/>\n<link rel=\"canonical\" href=\"https:\/\/deco4.net\/ar\/shop\/https-deco4-net-product-category-mouldings\/plinthes\/103-1\/\" \/>\n<meta property=\"og:locale\" content=\"ar_AR\" \/>\n<meta property=\"og:type\" content=\"article\" \/>\n<meta property=\"og:title\" content=\"Plinthe 103-1 - deco4\" \/>\n<meta property=\"og:description\" content=\"Dimensions : 7,1 \u00d7 1,1 mm \/ 2,9 cm Le cache plinthe d\u00e9coratif en d\u00e9copolym\u00e8re, tr\u00e8s r\u00e9sistant aux chocs et \u00e0 l&#039;eau, et d&#039;une grande facilit\u00e9 de pose, vous permet d&#039;obtenir rapidement un r\u00e9sultat propre et professionnel.  Id\u00e9al pour recouvrir les anciennes plinthes sans les d\u00e9monter. il assure une finition \u00e9l\u00e9gante et moderne qui convient parfaitement \u00e0 toutes les pi\u00e8ces.  T\u00e9l\u00e9charger la version :      SketchUp\" \/>\n<meta property=\"og:url\" content=\"https:\/\/deco4.net\/ar\/shop\/https-deco4-net-product-category-mouldings\/plinthes\/103-1\/\" \/>\n<meta property=\"og:site_name\" content=\"deco4\" \/>\n<meta property=\"article:modified_time\" content=\"2026-04-27T08:32:57+00:00\" \/>\n<meta property=\"og:image\" content=\"https:\/\/deco4.net\/wp-content\/uploads\/2025\/10\/103-2.png\" \/>\n\t<meta property=\"og:image:width\" content=\"400\" \/>\n\t<meta property=\"og:image:height\" content=\"350\" \/>\n\t<meta property=\"og:image:type\" content=\"image\/png\" \/>\n<meta name=\"twitter:card\" content=\"summary_large_image\" \/>\n<meta name=\"twitter:label1\" content=\"\u0648\u0642\u062a \u0627\u0644\u0642\u0631\u0627\u0621\u0629 \u0627\u0644\u0645\u064f\u0642\u062f\u0651\u0631\" \/>\n\t<meta name=\"twitter:data1\" content=\"\u062f\u0642\u064a\u0642\u0629 \u0648\u0627\u062d\u062f\u0629\" \/>\n<script type=\"application\/ld+json\" class=\"yoast-schema-graph\">{\"@context\":\"https:\\\/\\\/schema.org\",\"@graph\":[{\"@type\":\"WebPage\",\"@id\":\"https:\\\/\\\/deco4.net\\\/shop\\\/https-deco4-net-product-category-mouldings\\\/plinthes\\\/103-1\\\/\",\"url\":\"https:\\\/\\\/deco4.net\\\/shop\\\/https-deco4-net-product-category-mouldings\\\/plinthes\\\/103-1\\\/\",\"name\":\"Plinthe 103-1 - deco4\",\"isPartOf\":{\"@id\":\"https:\\\/\\\/deco4.net\\\/ar\\\/#website\"},\"primaryImageOfPage\":{\"@id\":\"https:\\\/\\\/deco4.net\\\/shop\\\/https-deco4-net-product-category-mouldings\\\/plinthes\\\/103-1\\\/#primaryimage\"},\"image\":{\"@id\":\"https:\\\/\\\/deco4.net\\\/shop\\\/https-deco4-net-product-category-mouldings\\\/plinthes\\\/103-1\\\/#primaryimage\"},\"thumbnailUrl\":\"https:\\\/\\\/deco4.net\\\/wp-content\\\/uploads\\\/2025\\\/10\\\/103-2.png\",\"datePublished\":\"2025-10-09T10:10:26+00:00\",\"dateModified\":\"2026-04-27T08:32:57+00:00\",\"breadcrumb\":{\"@id\":\"https:\\\/\\\/deco4.net\\\/shop\\\/https-deco4-net-product-category-mouldings\\\/plinthes\\\/103-1\\\/#breadcrumb\"},\"inLanguage\":\"ar\",\"potentialAction\":[{\"@type\":\"ReadAction\",\"target\":[\"https:\\\/\\\/deco4.net\\\/shop\\\/https-deco4-net-product-category-mouldings\\\/plinthes\\\/103-1\\\/\"]}]},{\"@type\":\"ImageObject\",\"inLanguage\":\"ar\",\"@id\":\"https:\\\/\\\/deco4.net\\\/shop\\\/https-deco4-net-product-category-mouldings\\\/plinthes\\\/103-1\\\/#primaryimage\",\"url\":\"https:\\\/\\\/deco4.net\\\/wp-content\\\/uploads\\\/2025\\\/10\\\/103-2.png\",\"contentUrl\":\"https:\\\/\\\/deco4.net\\\/wp-content\\\/uploads\\\/2025\\\/10\\\/103-2.png\",\"width\":400,\"height\":350},{\"@type\":\"BreadcrumbList\",\"@id\":\"https:\\\/\\\/deco4.net\\\/shop\\\/https-deco4-net-product-category-mouldings\\\/plinthes\\\/103-1\\\/#breadcrumb\",\"itemListElement\":[{\"@type\":\"ListItem\",\"position\":1,\"name\":\"Home\",\"item\":\"https:\\\/\\\/deco4.net\\\/\"},{\"@type\":\"ListItem\",\"position\":2,\"name\":\"Shop\",\"item\":\"https:\\\/\\\/deco4.net\\\/ar\\\/shop\\\/\"},{\"@type\":\"ListItem\",\"position\":3,\"name\":\"Plinthe 103-1\"}]},{\"@type\":\"WebSite\",\"@id\":\"https:\\\/\\\/deco4.net\\\/ar\\\/#website\",\"url\":\"https:\\\/\\\/deco4.net\\\/ar\\\/\",\"name\":\"deco4\",\"description\":\"D\u00e9coration Murale\",\"potentialAction\":[{\"@type\":\"SearchAction\",\"target\":{\"@type\":\"EntryPoint\",\"urlTemplate\":\"https:\\\/\\\/deco4.net\\\/ar\\\/?s={search_term_string}\"},\"query-input\":{\"@type\":\"PropertyValueSpecification\",\"valueRequired\":true,\"valueName\":\"search_term_string\"}}],\"inLanguage\":\"ar\"}]}<\/script>\n<!-- \/ Yoast SEO plugin. -->","yoast_head_json":{"title":"Plinthe 103-1 - deco4","robots":{"index":"index","follow":"follow","max-snippet":"max-snippet:-1","max-image-preview":"max-image-preview:large","max-video-preview":"max-video-preview:-1"},"canonical":"https:\/\/deco4.net\/ar\/shop\/https-deco4-net-product-category-mouldings\/plinthes\/103-1\/","og_locale":"ar_AR","og_type":"article","og_title":"Plinthe 103-1 - deco4","og_description":"Dimensions : 7,1 \u00d7 1,1 mm \/ 2,9 cm Le cache plinthe d\u00e9coratif en d\u00e9copolym\u00e8re, tr\u00e8s r\u00e9sistant aux chocs et \u00e0 l'eau, et d'une grande facilit\u00e9 de pose, vous permet d'obtenir rapidement un r\u00e9sultat propre et professionnel.  Id\u00e9al pour recouvrir les anciennes plinthes sans les d\u00e9monter. il assure une finition \u00e9l\u00e9gante et moderne qui convient parfaitement \u00e0 toutes les pi\u00e8ces.  T\u00e9l\u00e9charger la version :      SketchUp","og_url":"https:\/\/deco4.net\/ar\/shop\/https-deco4-net-product-category-mouldings\/plinthes\/103-1\/","og_site_name":"deco4","article_modified_time":"2026-04-27T08:32:57+00:00","og_image":[{"width":400,"height":350,"url":"https:\/\/deco4.net\/wp-content\/uploads\/2025\/10\/103-2.png","type":"image\/png"}],"twitter_card":"summary_large_image","twitter_misc":{"\u0648\u0642\u062a \u0627\u0644\u0642\u0631\u0627\u0621\u0629 \u0627\u0644\u0645\u064f\u0642\u062f\u0651\u0631":"\u062f\u0642\u064a\u0642\u0629 \u0648\u0627\u062d\u062f\u0629"},"schema":{"@context":"https:\/\/schema.org","@graph":[{"@type":"WebPage","@id":"https:\/\/deco4.net\/shop\/https-deco4-net-product-category-mouldings\/plinthes\/103-1\/","url":"https:\/\/deco4.net\/shop\/https-deco4-net-product-category-mouldings\/plinthes\/103-1\/","name":"Plinthe 103-1 - deco4","isPartOf":{"@id":"https:\/\/deco4.net\/ar\/#website"},"primaryImageOfPage":{"@id":"https:\/\/deco4.net\/shop\/https-deco4-net-product-category-mouldings\/plinthes\/103-1\/#primaryimage"},"image":{"@id":"https:\/\/deco4.net\/shop\/https-deco4-net-product-category-mouldings\/plinthes\/103-1\/#primaryimage"},"thumbnailUrl":"https:\/\/deco4.net\/wp-content\/uploads\/2025\/10\/103-2.png","datePublished":"2025-10-09T10:10:26+00:00","dateModified":"2026-04-27T08:32:57+00:00","breadcrumb":{"@id":"https:\/\/deco4.net\/shop\/https-deco4-net-product-category-mouldings\/plinthes\/103-1\/#breadcrumb"},"inLanguage":"ar","potentialAction":[{"@type":"ReadAction","target":["https:\/\/deco4.net\/shop\/https-deco4-net-product-category-mouldings\/plinthes\/103-1\/"]}]},{"@type":"ImageObject","inLanguage":"ar","@id":"https:\/\/deco4.net\/shop\/https-deco4-net-product-category-mouldings\/plinthes\/103-1\/#primaryimage","url":"https:\/\/deco4.net\/wp-content\/uploads\/2025\/10\/103-2.png","contentUrl":"https:\/\/deco4.net\/wp-content\/uploads\/2025\/10\/103-2.png","width":400,"height":350},{"@type":"BreadcrumbList","@id":"https:\/\/deco4.net\/shop\/https-deco4-net-product-category-mouldings\/plinthes\/103-1\/#breadcrumb","itemListElement":[{"@type":"ListItem","position":1,"name":"Home","item":"https:\/\/deco4.net\/"},{"@type":"ListItem","position":2,"name":"Shop","item":"https:\/\/deco4.net\/ar\/shop\/"},{"@type":"ListItem","position":3,"name":"Plinthe 103-1"}]},{"@type":"WebSite","@id":"https:\/\/deco4.net\/ar\/#website","url":"https:\/\/deco4.net\/ar\/","name":"deco4","description":"D\u00e9coration Murale","potentialAction":[{"@type":"SearchAction","target":{"@type":"EntryPoint","urlTemplate":"https:\/\/deco4.net\/ar\/?s={search_term_string}"},"query-input":{"@type":"PropertyValueSpecification","valueRequired":true,"valueName":"search_term_string"}}],"inLanguage":"ar"}]}},"_links":{"self":[{"href":"https:\/\/deco4.net\/ar\/wp-json\/wp\/v2\/product\/10197","targetHints":{"allow":["GET"]}}],"collection":[{"href":"https:\/\/deco4.net\/ar\/wp-json\/wp\/v2\/product"}],"about":[{"href":"https:\/\/deco4.net\/ar\/wp-json\/wp\/v2\/types\/product"}],"replies":[{"embeddable":true,"href":"https:\/\/deco4.net\/ar\/wp-json\/wp\/v2\/comments?post=10197"}],"wp:featuredmedia":[{"embeddable":true,"href":"https:\/\/deco4.net\/ar\/wp-json\/wp\/v2\/media\/10849"}],"wp:attachment":[{"href":"https:\/\/deco4.net\/ar\/wp-json\/wp\/v2\/media?parent=10197"}],"wp:term":[{"taxonomy":"product_brand","embeddable":true,"href":"https:\/\/deco4.net\/ar\/wp-json\/wp\/v2\/product_brand?post=10197"},{"taxonomy":"product_cat","embeddable":true,"href":"https:\/\/deco4.net\/ar\/wp-json\/wp\/v2\/product_cat?post=10197"},{"taxonomy":"product_tag","embeddable":true,"href":"https:\/\/deco4.net\/ar\/wp-json\/wp\/v2\/product_tag?post=10197"}],"curies":[{"name":"wp","href":"https:\/\/api.w.org\/{rel}","templated":true}]}}