{"id":10332,"date":"2026-03-08T05:22:29","date_gmt":"2026-03-08T05:22:29","guid":{"rendered":"https:\/\/deco4.net\/?page_id=10332"},"modified":"2026-03-08T05:25:24","modified_gmt":"2026-03-08T05:25:24","slug":"politique-de-retour-et-de-remboursement","status":"publish","type":"page","link":"https:\/\/deco4.net\/ar\/politique-de-retour-et-de-remboursement\/","title":{"rendered":"Politique de Retour et de Remboursement"},"content":{"rendered":"<div class=\"wpb-content-wrapper\"><div class=\"vc_row wpb_row vc_row-fluid\"><div class=\"wpb_column vc_column_container vc_col-sm-12\"><div class=\"vc_column-inner\"><div class=\"wpb_wrapper\">\n\t<div class=\"wpb_text_column wpb_content_element\" >\n\t\t<div class=\"wpb_wrapper\">\n\t\t\t<p>Nous accordons une grande importance \u00e0 la qualit\u00e9 de nos produits et \u00e0 la satisfaction de nos clients.<\/p>\n<p><strong>Retours<\/strong><br \/>\nSauf indication contraire, les retours ne sont pas accept\u00e9s apr\u00e8s la livraison des produits.<br \/>\nCependant, si le produit re\u00e7u pr\u00e9sente un d\u00e9faut de fabrication ou il est endommag\u00e9, nous vous invitons \u00e0 nous contacter afin que nous puissions examiner votre demande.<\/p>\n<p><strong>D\u00e9lai de r\u00e9clamation<\/strong><br \/>\nToute r\u00e9clamation concernant un produit d\u00e9fectueux ou endommag\u00e9 doit \u00eatre signal\u00e9e dans un d\u00e9lai maximum de 48 heures apr\u00e8s la r\u00e9ception de la commande.<br \/>\nPass\u00e9 ce d\u00e9lai, la demande pourrait ne pas \u00eatre prise en compte.<\/p>\n<p><strong>Proc\u00e9dure de r\u00e9clamation<\/strong><br \/>\nPour traiter votre demande, merci de nous envoyer :<br \/>\nvotre num\u00e9ro de commande<br \/>\nune description du probl\u00e8me<br \/>\ndes photos du produit concern\u00e9<\/p>\n<p><strong>Solution propos\u00e9e<\/strong><br \/>\nApr\u00e8s v\u00e9rification de votre demande, nous pourrons, selon la situation :<br \/>\nproc\u00e9der au remplacement du produit, ou<br \/>\nproposer une solution appropri\u00e9e.<\/p>\n<p><strong>\u0627\u062a\u0635\u0627\u0644<\/strong><br \/>\nPour toute demande, vous pouvez nous contacter \u00e0 l\u2019adresse suivante :<br \/>\ncontact@deco4.net<\/p>\n<p>Nous nous engageons \u00e0 examiner chaque demande dans les meilleurs d\u00e9lais.<\/p>\n\n\t\t<\/div>\n\t<\/div>\n<\/div><\/div><\/div><\/div>\n<\/div>","protected":false},"excerpt":{"rendered":"Nous accordons une grande importance \u00e0 la qualit\u00e9 de nos produits et \u00e0 la satisfaction de nos clients. Retours Sauf","protected":false},"author":1,"featured_media":0,"parent":0,"menu_order":0,"comment_status":"closed","ping_status":"closed","template":"","meta":{"footnotes":"","_wp_rev_ctl_limit":""},"class_list":["post-10332","page","type-page","status-publish","hentry"],"yoast_head":"<!-- This site is optimized with the Yoast SEO plugin v27.4 - https:\/\/yoast.com\/product\/yoast-seo-wordpress\/ -->\n<title>Politique de Retour et de Remboursement - deco4<\/title>\n<meta name=\"robots\" content=\"index, follow, max-snippet:-1, max-image-preview:large, max-video-preview:-1\" \/>\n<link rel=\"canonical\" href=\"https:\/\/deco4.net\/ar\/politique-de-retour-et-de-remboursement\/\" \/>\n<meta property=\"og:locale\" content=\"ar_AR\" \/>\n<meta property=\"og:type\" content=\"article\" \/>\n<meta property=\"og:title\" content=\"Politique de Retour et de Remboursement - deco4\" \/>\n<meta property=\"og:url\" content=\"https:\/\/deco4.net\/ar\/politique-de-retour-et-de-remboursement\/\" \/>\n<meta property=\"og:site_name\" content=\"deco4\" \/>\n<meta property=\"article:modified_time\" content=\"2026-03-08T05:25:24+00:00\" \/>\n<meta name=\"twitter:card\" content=\"summary_large_image\" \/>\n<meta name=\"twitter:label1\" content=\"\u0648\u0642\u062a \u0627\u0644\u0642\u0631\u0627\u0621\u0629 \u0627\u0644\u0645\u064f\u0642\u062f\u0651\u0631\" \/>\n\t<meta name=\"twitter:data1\" content=\"\u062f\u0642\u064a\u0642\u0629 \u0648\u0627\u062d\u062f\u0629\" \/>\n<script type=\"application\/ld+json\" class=\"yoast-schema-graph\">{\"@context\":\"https:\\\/\\\/schema.org\",\"@graph\":[{\"@type\":\"WebPage\",\"@id\":\"https:\\\/\\\/deco4.net\\\/politique-de-retour-et-de-remboursement\\\/\",\"url\":\"https:\\\/\\\/deco4.net\\\/politique-de-retour-et-de-remboursement\\\/\",\"name\":\"Politique de Retour et de Remboursement - deco4\",\"isPartOf\":{\"@id\":\"https:\\\/\\\/deco4.net\\\/ar\\\/#website\"},\"datePublished\":\"2026-03-08T05:22:29+00:00\",\"dateModified\":\"2026-03-08T05:25:24+00:00\",\"breadcrumb\":{\"@id\":\"https:\\\/\\\/deco4.net\\\/politique-de-retour-et-de-remboursement\\\/#breadcrumb\"},\"inLanguage\":\"ar\",\"potentialAction\":[{\"@type\":\"ReadAction\",\"target\":[\"https:\\\/\\\/deco4.net\\\/politique-de-retour-et-de-remboursement\\\/\"]}]},{\"@type\":\"BreadcrumbList\",\"@id\":\"https:\\\/\\\/deco4.net\\\/politique-de-retour-et-de-remboursement\\\/#breadcrumb\",\"itemListElement\":[{\"@type\":\"ListItem\",\"position\":1,\"name\":\"Home\",\"item\":\"https:\\\/\\\/deco4.net\\\/\"},{\"@type\":\"ListItem\",\"position\":2,\"name\":\"Politique de Retour et de Remboursement\"}]},{\"@type\":\"WebSite\",\"@id\":\"https:\\\/\\\/deco4.net\\\/ar\\\/#website\",\"url\":\"https:\\\/\\\/deco4.net\\\/ar\\\/\",\"name\":\"deco4\",\"description\":\"D\u00e9coration Murale\",\"potentialAction\":[{\"@type\":\"SearchAction\",\"target\":{\"@type\":\"EntryPoint\",\"urlTemplate\":\"https:\\\/\\\/deco4.net\\\/ar\\\/?s={search_term_string}\"},\"query-input\":{\"@type\":\"PropertyValueSpecification\",\"valueRequired\":true,\"valueName\":\"search_term_string\"}}],\"inLanguage\":\"ar\"}]}<\/script>\n<!-- \/ Yoast SEO plugin. -->","yoast_head_json":{"title":"Politique de Retour et de Remboursement - deco4","robots":{"index":"index","follow":"follow","max-snippet":"max-snippet:-1","max-image-preview":"max-image-preview:large","max-video-preview":"max-video-preview:-1"},"canonical":"https:\/\/deco4.net\/ar\/politique-de-retour-et-de-remboursement\/","og_locale":"ar_AR","og_type":"article","og_title":"Politique de Retour et de Remboursement - deco4","og_url":"https:\/\/deco4.net\/ar\/politique-de-retour-et-de-remboursement\/","og_site_name":"deco4","article_modified_time":"2026-03-08T05:25:24+00:00","twitter_card":"summary_large_image","twitter_misc":{"\u0648\u0642\u062a \u0627\u0644\u0642\u0631\u0627\u0621\u0629 \u0627\u0644\u0645\u064f\u0642\u062f\u0651\u0631":"\u062f\u0642\u064a\u0642\u0629 \u0648\u0627\u062d\u062f\u0629"},"schema":{"@context":"https:\/\/schema.org","@graph":[{"@type":"WebPage","@id":"https:\/\/deco4.net\/politique-de-retour-et-de-remboursement\/","url":"https:\/\/deco4.net\/politique-de-retour-et-de-remboursement\/","name":"Politique de Retour et de Remboursement - deco4","isPartOf":{"@id":"https:\/\/deco4.net\/ar\/#website"},"datePublished":"2026-03-08T05:22:29+00:00","dateModified":"2026-03-08T05:25:24+00:00","breadcrumb":{"@id":"https:\/\/deco4.net\/politique-de-retour-et-de-remboursement\/#breadcrumb"},"inLanguage":"ar","potentialAction":[{"@type":"ReadAction","target":["https:\/\/deco4.net\/politique-de-retour-et-de-remboursement\/"]}]},{"@type":"BreadcrumbList","@id":"https:\/\/deco4.net\/politique-de-retour-et-de-remboursement\/#breadcrumb","itemListElement":[{"@type":"ListItem","position":1,"name":"Home","item":"https:\/\/deco4.net\/"},{"@type":"ListItem","position":2,"name":"Politique de Retour et de Remboursement"}]},{"@type":"WebSite","@id":"https:\/\/deco4.net\/ar\/#website","url":"https:\/\/deco4.net\/ar\/","name":"deco4","description":"D\u00e9coration Murale","potentialAction":[{"@type":"SearchAction","target":{"@type":"EntryPoint","urlTemplate":"https:\/\/deco4.net\/ar\/?s={search_term_string}"},"query-input":{"@type":"PropertyValueSpecification","valueRequired":true,"valueName":"search_term_string"}}],"inLanguage":"ar"}]}},"_links":{"self":[{"href":"https:\/\/deco4.net\/ar\/wp-json\/wp\/v2\/pages\/10332","targetHints":{"allow":["GET"]}}],"collection":[{"href":"https:\/\/deco4.net\/ar\/wp-json\/wp\/v2\/pages"}],"about":[{"href":"https:\/\/deco4.net\/ar\/wp-json\/wp\/v2\/types\/page"}],"author":[{"embeddable":true,"href":"https:\/\/deco4.net\/ar\/wp-json\/wp\/v2\/users\/1"}],"replies":[{"embeddable":true,"href":"https:\/\/deco4.net\/ar\/wp-json\/wp\/v2\/comments?post=10332"}],"version-history":[{"count":3,"href":"https:\/\/deco4.net\/ar\/wp-json\/wp\/v2\/pages\/10332\/revisions"}],"predecessor-version":[{"id":10335,"href":"https:\/\/deco4.net\/ar\/wp-json\/wp\/v2\/pages\/10332\/revisions\/10335"}],"wp:attachment":[{"href":"https:\/\/deco4.net\/ar\/wp-json\/wp\/v2\/media?parent=10332"}],"curies":[{"name":"wp","href":"https:\/\/api.w.org\/{rel}","templated":true}]}}